{"id":478,"date":"2025-12-10T21:31:59","date_gmt":"2025-12-10T21:31:59","guid":{"rendered":"https:\/\/treasurehymns.com\/kamba\/?page_id=478"},"modified":"2025-12-10T22:00:28","modified_gmt":"2025-12-10T22:00:28","slug":"home","status":"publish","type":"page","link":"https:\/\/treasurehymns.com\/kamba\/","title":{"rendered":"HOME"},"content":{"rendered":"\n<h2 class=\"wp-block-heading\">Check Out our Christian Hymn Collections Below <\/h2>\n\n\n\n<h3 class=\"wp-block-heading\"><a href=\"https:\/\/treasurehymns.com\/kamba\/kamba-hymns-mbathi-sya-kumutaia-nga\/\" data-type=\"page\" data-id=\"46\">kamba hymns Mbathi sya Kumutaia Nga<\/a><\/h3>\n\n\n\n<h2 class=\"wp-block-heading\">Hymns You May Like<\/h2>\n\n\n<ul class=\"display-posts-listing\"><li class=\"listing-item one-third first\"><a class=\"title\" href=\"https:\/\/treasurehymns.com\/kamba\/kamba-hymns-mbathi-sya-kumutaia-nga\/hymn-48-uvoo-uu-ni-wa-kuikiiwa\/\">Hymn 48 \u0168VOO \u0168\u0168 N\u0128 WA K\u0168\u0128K\u0128\u0128WA<\/a><\/li><li class=\"listing-item one-third\"><a class=\"title\" href=\"https:\/\/treasurehymns.com\/kamba\/kamba-hymns-mbathi-sya-kumutaia-nga\/hymn-380-mwene-nai-akyumbula-utanu-ituni\/\">Hymn 380 MWENE NA\u0128 AKYUMB\u0168LA \u0168TANU \u0128TUN\u0128<\/a><\/li><li class=\"listing-item one-third\"><a class=\"title\" href=\"https:\/\/treasurehymns.com\/kamba\/kamba-hymns-mbathi-sya-kumutaia-nga\/hymn-141-nitwinukite-kwitu-ituni\/\">Hymn 141 N\u0128TW\u0128N\u0168K\u0128TE KWIT\u0168 \u0128TUN\u0128<\/a><\/li><li class=\"listing-item one-third first\"><a class=\"title\" href=\"https:\/\/treasurehymns.com\/kamba\/kamba-hymns-mbathi-sya-kumutaia-nga\/hymn-204-mwovosya-nunenaa-nakwa\/\">Hymn 204 MWOVOSYA N\u0168NENAA NAKWA<\/a><\/li><li class=\"listing-item one-third\"><a class=\"title\" href=\"https:\/\/treasurehymns.com\/kamba\/kamba-hymns-mbathi-sya-kumutaia-nga\/hymn-218-nyie-ninewie-witano\/\">Hymn 218 NYIE N\u0128NEWIE W\u0128TANO<\/a><\/li><li class=\"listing-item one-third\"><a class=\"title\" href=\"https:\/\/treasurehymns.com\/kamba\/kamba-hymns-mbathi-sya-kumutaia-nga\/hymn-332-sisya-wia-wa-mwiaii\/\">Hymn 332 SISYA W\u0128A WA MW\u0128A\u0128I<\/a><\/li><li class=\"listing-item one-third first\"><a class=\"title\" href=\"https:\/\/treasurehymns.com\/kamba\/kamba-hymns-mbathi-sya-kumutaia-nga\/hymn-390-niungye-muomoni\/\">Hymn 390 N\u0128\u0168NGYE M\u0168OMON\u0128<\/a><\/li><li class=\"listing-item one-third\"><a class=\"title\" href=\"https:\/\/treasurehymns.com\/kamba\/kamba-hymns-mbathi-sya-kumutaia-nga\/hymn-286-nthi-ino\/\">Hymn 286 NTH\u0128 \u0128NO<\/a><\/li><li class=\"listing-item one-third\"><a class=\"title\" href=\"https:\/\/treasurehymns.com\/kamba\/kamba-hymns-mbathi-sya-kumutaia-nga\/hymn-406-kuu-kwina-thina\/\">Hymn 406 K\u0168\u0168 KW\u0128NA TH\u0128NA<\/a><\/li><li class=\"listing-item one-third first\"><a class=\"title\" href=\"https:\/\/treasurehymns.com\/kamba\/kamba-hymns-mbathi-sya-kumutaia-nga\/hymn-428-nitumukathei-ngai\/\">Hymn 428 N\u0128T\u0168M\u0168KATHEI NGAI<\/a><\/li><li class=\"listing-item one-third\"><a class=\"title\" href=\"https:\/\/treasurehymns.com\/kamba\/kamba-hymns-mbathi-sya-kumutaia-nga\/hymn-388-nyie-ninaitwe-vyu\/\">Hymn 388 NYIE N\u0128NA\u0128TW\u2019E VY\u0168<\/a><\/li><li class=\"listing-item one-third\"><a class=\"title\" href=\"https:\/\/treasurehymns.com\/kamba\/kamba-hymns-mbathi-sya-kumutaia-nga\/hymn-33-muthenya-niwathela\/\">Hymn 33 M\u0168THENYA N\u0128WATHELA<\/a><\/li><li class=\"listing-item one-third first\"><a class=\"title\" href=\"https:\/\/treasurehymns.com\/kamba\/kamba-hymns-mbathi-sya-kumutaia-nga\/hymn-238-salukya-metho-makwa\/\">Hymn 238 SALUKYA METHO MAKWA<\/a><\/li><li class=\"listing-item one-third\"><a class=\"title\" href=\"https:\/\/treasurehymns.com\/kamba\/kamba-hymns-mbathi-sya-kumutaia-nga\/hymn-451-wikalo-museo\/\">Hymn 451 W\u0128KALO M\u0168SEO<\/a><\/li><li class=\"listing-item one-third\"><a class=\"title\" href=\"https:\/\/treasurehymns.com\/kamba\/kamba-hymns-mbathi-sya-kumutaia-nga\/hymn-78-wumiloni-wa-syua\/\">Hymn 78 WUM\u0128LON\u0128 WA SY\u0168A<\/a><\/li><li class=\"listing-item one-third first\"><a class=\"title\" href=\"https:\/\/treasurehymns.com\/kamba\/kamba-hymns-mbathi-sya-kumutaia-nga\/hymn-378-tei-wa-ngai-ni-muliku\/\">Hymn 378 TEI WA NGAI N\u0128 M\u0168LIKU<\/a><\/li><li class=\"listing-item one-third\"><a class=\"title\" href=\"https:\/\/treasurehymns.com\/kamba\/kamba-hymns-mbathi-sya-kumutaia-nga\/hymn-121-twimwinia-mutangiii\/\">Hymn 121 TW\u0128MWIN\u0128A M\u0168TANG\u0128\u0128I<\/a><\/li><li class=\"listing-item one-third\"><a class=\"title\" href=\"https:\/\/treasurehymns.com\/kamba\/kamba-hymns-mbathi-sya-kumutaia-nga\/hymn-125-vai-mundu-wi-wendo-mwingi\/\">Hymn 125 VAI M\u0168ND\u0168 W\u0128 WENDO MWING\u0128<\/a><\/li><li class=\"listing-item one-third first\"><a class=\"title\" href=\"https:\/\/treasurehymns.com\/kamba\/kamba-hymns-mbathi-sya-kumutaia-nga\/hymn-44-kuvika-yu\/\">Hymn 44 K\u0168VIKA YU<\/a><\/li><li class=\"listing-item one-third\"><a class=\"title\" href=\"https:\/\/treasurehymns.com\/kamba\/kamba-hymns-mbathi-sya-kumutaia-nga\/hymn-243-nitwinei-usengyo-wa-matei-ma-ngai\/\">Hymn 243 N\u0128TWINEI \u0168SENG\u2019YO WA MATEI MA NGAI<\/a><\/li><li class=\"listing-item one-third\"><a class=\"title\" href=\"https:\/\/treasurehymns.com\/kamba\/kamba-hymns-mbathi-sya-kumutaia-nga\/hymn-443-utuku-ula-yesu-wavunyaniiwe\/\">Hymn 443 \u0168TUK\u0168 \u0168LA YES\u0168 WAV\u0168NYAN\u0128IWE<\/a><\/li><li class=\"listing-item one-third first\"><a class=\"title\" href=\"https:\/\/treasurehymns.com\/kamba\/kamba-hymns-mbathi-sya-kumutaia-nga\/hymn-269-nthwauni-syake\/\">Hymn 269 NTHWAUN\u0128 SYAKE<\/a><\/li><li class=\"listing-item one-third\"><a class=\"title\" href=\"https:\/\/treasurehymns.com\/kamba\/kamba-hymns-mbathi-sya-kumutaia-nga\/hymn-118-na-vilato-akyenda-kuyiwithya\/\">Hymn 118 NA VILATO AKYENDA K\u0168Y\u0128W&#8217;\u0128THYA<\/a><\/li><li class=\"listing-item one-third\"><a class=\"title\" href=\"https:\/\/treasurehymns.com\/kamba\/kamba-hymns-mbathi-sya-kumutaia-nga\/hymn-323-yesu-nukwitana\/\">Hymn 323 YES\u0168 N\u0168KW\u0128TANA<\/a><\/li><li class=\"listing-item one-third first\"><a class=\"title\" href=\"https:\/\/treasurehymns.com\/kamba\/kamba-hymns-mbathi-sya-kumutaia-nga\/hymn-432-na-nundu-we-ndukakia\/\">Hymn 432 NA N\u0168ND\u0168 WE ND\u0168KAK\u0128A<\/a><\/li><li class=\"listing-item one-third\"><a class=\"title\" href=\"https:\/\/treasurehymns.com\/kamba\/kamba-hymns-mbathi-sya-kumutaia-nga\/hymn-32-mumo-wa-mututangiii\/\">Hymn 32 MUMO WA M\u0168T\u0168TANG\u0128\u0128I<\/a><\/li><li class=\"listing-item one-third\"><a class=\"title\" href=\"https:\/\/treasurehymns.com\/kamba\/kamba-hymns-mbathi-sya-kumutaia-nga\/hymn-392-iwa-ukayo-wakwa\/\">Hymn 392 \u0128W\u2019A \u0168KAYO WAKWA<\/a><\/li><li class=\"listing-item one-third first\"><a class=\"title\" href=\"https:\/\/treasurehymns.com\/kamba\/kamba-hymns-mbathi-sya-kumutaia-nga\/hymn-177-ndavya-uvoo-wa-yesu\/\">Hymn 177 NDAVYA \u0168VOO WA YES\u0168<\/a><\/li><li class=\"listing-item one-third\"><a class=\"title\" href=\"https:\/\/treasurehymns.com\/kamba\/kamba-hymns-mbathi-sya-kumutaia-nga\/hymn-6-ukai-twinei-ndeto-nzeo\/\">Hymn 6 \u0168KAI, TWINEI NDETO NZEO<\/a><\/li><li class=\"listing-item one-third\"><a class=\"title\" href=\"https:\/\/treasurehymns.com\/kamba\/kamba-hymns-mbathi-sya-kumutaia-nga\/hymn-399-ithyi-asikali-ma-yesu\/\">Hymn 399 ITHY\u0128 ASIKAL\u0128 MA YES\u0168<\/a><\/li><li class=\"listing-item one-third first\"><a class=\"title\" href=\"https:\/\/treasurehymns.com\/kamba\/kamba-hymns-mbathi-sya-kumutaia-nga\/hymn-276-kwa-mumo-ngai-mutheu\/\">Hymn 276 KWA MUMO NGAI M\u0168THEU<\/a><\/li><li class=\"listing-item one-third\"><a class=\"title\" href=\"https:\/\/treasurehymns.com\/kamba\/kamba-hymns-mbathi-sya-kumutaia-nga\/hymn-373-ningwiwa-wasya-waku\/\">Hymn 373 N\u0128NGW\u0128W\u2019A WASYA WAKU<\/a><\/li><li class=\"listing-item one-third\"><a class=\"title\" href=\"https:\/\/treasurehymns.com\/kamba\/kamba-hymns-mbathi-sya-kumutaia-nga\/hymn-228-muikethiwe-na-kyeva\/\">Hymn 228 M\u0168IKETH\u0128WE NA KYEVA<\/a><\/li><li class=\"listing-item one-third first\"><a class=\"title\" href=\"https:\/\/treasurehymns.com\/kamba\/kamba-hymns-mbathi-sya-kumutaia-nga\/hymn-400-nituukita-namo\/\">Hymn 400 N\u0128T\u0168\u0168KITA NAMO<\/a><\/li><li class=\"listing-item one-third\"><a class=\"title\" href=\"https:\/\/treasurehymns.com\/kamba\/kamba-hymns-mbathi-sya-kumutaia-nga\/hymn-430-yila-mwene-nai\/\">Hymn 430 Y\u0128LA MWENE NA\u0128<\/a><\/li><li class=\"listing-item one-third\"><a class=\"title\" href=\"https:\/\/treasurehymns.com\/kamba\/kamba-hymns-mbathi-sya-kumutaia-nga\/hymn-9-yesu-ni-mwovosya\/\">Hymn 9 YES\u0168 N\u0128 MWOVOSYA<\/a><\/li><li class=\"listing-item one-third first\"><a class=\"title\" href=\"https:\/\/treasurehymns.com\/kamba\/kamba-hymns-mbathi-sya-kumutaia-nga\/hymn-361-ukai-umunthi-ala-mwaite\/\">Hymn 361 \u0168KAI \u0168M\u0168NTH\u0128 ALA MWA\u0128TE<\/a><\/li><li class=\"listing-item one-third\"><a class=\"title\" href=\"https:\/\/treasurehymns.com\/kamba\/kamba-hymns-mbathi-sya-kumutaia-nga\/hymn-285-wendoni-wa-yesu\/\">Hymn 285 WENDON\u0128 WA YES\u0168<\/a><\/li><li class=\"listing-item one-third\"><a class=\"title\" href=\"https:\/\/treasurehymns.com\/kamba\/kamba-hymns-mbathi-sya-kumutaia-nga\/hymn-309-nitwiwite-ndeto-ii\/\">Hymn 309 N\u0128TW\u0128W\u2019\u0128TE NDETO II<\/a><\/li><li class=\"listing-item one-third first\"><a class=\"title\" href=\"https:\/\/treasurehymns.com\/kamba\/kamba-hymns-mbathi-sya-kumutaia-nga\/hymn-37-ni-myaka-mivuthu\/\">Hymn 37 N\u0128 MYAKA M\u0128V\u0168TH\u0168<\/a><\/li><li class=\"listing-item one-third\"><a class=\"title\" href=\"https:\/\/treasurehymns.com\/kamba\/kamba-hymns-mbathi-sya-kumutaia-nga\/hymn-160-inai-wendo-wa-mutangiii\/\">Hymn 160 INAI WENDO WA M\u0168TANG\u0128\u0128I<\/a><\/li><li class=\"listing-item one-third\"><a class=\"title\" href=\"https:\/\/treasurehymns.com\/kamba\/kamba-hymns-mbathi-sya-kumutaia-nga\/hymn-343-yesu-ekwita\/\">Hymn 343 YES\u0168 EKW\u0128TA<\/a><\/li><li class=\"listing-item one-third first\"><a class=\"title\" href=\"https:\/\/treasurehymns.com\/kamba\/kamba-hymns-mbathi-sya-kumutaia-nga\/hymn-371-andu-nitwailwe\/\">Hymn 371 AND\u0168 N\u0128TWA\u0128LWE<\/a><\/li><li class=\"listing-item one-third\"><a class=\"title\" href=\"https:\/\/treasurehymns.com\/kamba\/kamba-hymns-mbathi-sya-kumutaia-nga\/hymn-233-kundu-kwonthe\/\">Hymn 233 K\u0168ND\u0168 KWONTHE<\/a><\/li><li class=\"listing-item one-third\"><a class=\"title\" href=\"https:\/\/treasurehymns.com\/kamba\/kamba-hymns-mbathi-sya-kumutaia-nga\/hymn-40-ndongoesya-mwiaii-yesu\/\">Hymn 40 NDONGOESYA MW\u0128A\u0128I YES\u0168<\/a><\/li><li class=\"listing-item one-third first\"><a class=\"title\" href=\"https:\/\/treasurehymns.com\/kamba\/kamba-hymns-mbathi-sya-kumutaia-nga\/hymn-230-mawia-ma-ngai\/\">Hymn 230 MAW\u0128A MA NGAI<\/a><\/li><li class=\"listing-item one-third\"><a class=\"title\" href=\"https:\/\/treasurehymns.com\/kamba\/kamba-hymns-mbathi-sya-kumutaia-nga\/hymn-337-nduani-imwe-ya-vethania\/\">Hymn 337 ND\u0168AN\u0128 \u0128MWE YA VETHANIA<\/a><\/li><li class=\"listing-item one-third\"><a class=\"title\" href=\"https:\/\/treasurehymns.com\/kamba\/kamba-hymns-mbathi-sya-kumutaia-nga\/hymn-316-satani-musyimi-wa-andu\/\">Hymn 316 SATANI M\u0168SY\u0128MI WA AND\u0168<\/a><\/li><li class=\"listing-item one-third first\"><a class=\"title\" href=\"https:\/\/treasurehymns.com\/kamba\/kamba-hymns-mbathi-sya-kumutaia-nga\/hymn-187-tavanyai-kuu\/\">Hymn 187 TAVANYAI K\u0168\u0168<\/a><\/li><li class=\"listing-item one-third\"><a class=\"title\" href=\"https:\/\/treasurehymns.com\/kamba\/kamba-hymns-mbathi-sya-kumutaia-nga\/hymn-222-myaka-mingi-naaisye-na-wai\/\">Hymn 222 MYAKA MING\u0128 NAAISYE NA WAI<\/a><\/li><\/ul>\n\n\n<div class=\"popular-posts\"><h2>Popular Hymns<\/h2><script type=\"application\/json\" data-id=\"wpp-block-inline-js\">{\"title\":\"Popular Hymns\",\"limit\":\"50\",\"offset\":0,\"range\":\"last30days\",\"time_quantity\":\"24\",\"time_unit\":\"hour\",\"freshness\":false,\"order_by\":\"views\",\"post_type\":\"post\",\"pid\":\"\",\"exclude\":\"\",\"taxonomy\":\"category\",\"term_id\":\"\",\"author\":\"\",\"shorten_title\":{\"active\":false,\"length\":0,\"words\":false},\"post-excerpt\":{\"active\":false,\"length\":0,\"keep_format\":false,\"words\":false},\"thumbnail\":{\"active\":false,\"width\":0,\"height\":0,\"build\":\"manual\",\"size\":\"\"},\"rating\":false,\"stats_tag\":{\"comment_count\":false,\"views\":false,\"author\":false,\"date\":{\"active\":false,\"format\":\"F j, Y\"},\"taxonomy\":{\"active\":true,\"name\":\"category\"}},\"markup\":{\"custom_html\":true,\"wpp-start\":\"<ul class=\\\"wpp-list wpp-tiny\\\">\",\"wpp-end\":\"<\\\/ul>\",\"title-start\":\"<h2>\",\"title-end\":\"<\\\/h2>\",\"post-html\":\"<li class=\\\"{current_class}\\\"><div class=\\\"wpp-item-data\\\">{category}<\\\/div> {title}<\\\/li>\"},\"theme\":{\"name\":\"tiny\"}}<\/script><div class=\"wpp-widget-block-placeholder\"><\/div><\/div>","protected":false},"excerpt":{"rendered":"<p>Check Out our Christian Hymn Collections Below kamba hymns Mbathi sya Kumutaia Nga Hymns You May Like<\/p>\n","protected":false},"author":1,"featured_media":0,"parent":0,"menu_order":0,"comment_status":"closed","ping_status":"closed","template":"","meta":{"footnotes":""},"class_list":["post-478","page","type-page","status-publish","hentry"],"amp_enabled":false,"_links":{"self":[{"href":"https:\/\/treasurehymns.com\/kamba\/wp-json\/wp\/v2\/pages\/478","targetHints":{"allow":["GET"]}}],"collection":[{"href":"https:\/\/treasurehymns.com\/kamba\/wp-json\/wp\/v2\/pages"}],"about":[{"href":"https:\/\/treasurehymns.com\/kamba\/wp-json\/wp\/v2\/types\/page"}],"author":[{"embeddable":true,"href":"https:\/\/treasurehymns.com\/kamba\/wp-json\/wp\/v2\/users\/1"}],"replies":[{"embeddable":true,"href":"https:\/\/treasurehymns.com\/kamba\/wp-json\/wp\/v2\/comments?post=478"}],"version-history":[{"count":1,"href":"https:\/\/treasurehymns.com\/kamba\/wp-json\/wp\/v2\/pages\/478\/revisions"}],"predecessor-version":[{"id":480,"href":"https:\/\/treasurehymns.com\/kamba\/wp-json\/wp\/v2\/pages\/478\/revisions\/480"}],"wp:attachment":[{"href":"https:\/\/treasurehymns.com\/kamba\/wp-json\/wp\/v2\/media?parent=478"}],"curies":[{"name":"wp","href":"https:\/\/api.w.org\/{rel}","templated":true}]}}