{"id":3581,"date":"2025-12-17T20:14:12","date_gmt":"2025-12-17T20:14:12","guid":{"rendered":"https:\/\/treasurehymns.com\/fr\/contact\/"},"modified":"2025-12-17T20:14:12","modified_gmt":"2025-12-17T20:14:12","slug":"contact","status":"publish","type":"page","link":"https:\/\/treasurehymns.com\/fr\/contact\/","title":{"rendered":"Contact"},"content":{"rendered":"<p>Contactez-nous\u00a0! Nous sommes l\u00e0 pour r\u00e9pondre \u00e0 vos questions, recueillir vos commentaires et explorer des opportunit\u00e9s de collaboration. \u00c9crivez-nous d\u00e8s aujourd\u2019hui\u00a0! Courriel\u00a0: alterofworshipug@gmail.com Adresse\u00a0: Entebbe, Ouganda R\u00e9seaux sociaux\u00a0: Suivez-nous sur X, Facebook et Instagram pour rester inform\u00e9(e). Nom d\u2019utilisateur\u00a0: Nyanzi Tech Pour toute demande urgente, veuillez nous appeler pendant nos heures d\u2019ouverture (du lundi au vendredi, de 9\u00a0h \u00e0 17\u00a0h, heure d\u2019Afrique de l\u2019Est).<\/p>\n","protected":false},"excerpt":{"rendered":"<p>Contactez-nous\u00a0! Nous sommes l\u00e0 pour r\u00e9pondre \u00e0 vos questions, recueillir vos commentaires et explorer des opportunit\u00e9s de collaboration. \u00c9crivez-nous d\u00e8s aujourd\u2019hui\u00a0! Courriel\u00a0: alterofworshipug@gmail.com Adresse\u00a0: Entebbe, Ouganda R\u00e9seaux sociaux\u00a0: Suivez-nous sur X, Facebook et Instagram pour rester inform\u00e9(e). Nom d\u2019utilisateur\u00a0: Nyanzi Tech Pour toute demande urgente, veuillez nous appeler pendant nos heures d\u2019ouverture (du lundi au [&hellip;]<\/p>\n","protected":false},"author":1,"featured_media":0,"parent":0,"menu_order":0,"comment_status":"open","ping_status":"open","template":"","meta":{"footnotes":""},"class_list":["post-3581","page","type-page","status-publish","hentry"],"amp_enabled":true,"_links":{"self":[{"href":"https:\/\/treasurehymns.com\/fr\/wp-json\/wp\/v2\/pages\/3581","targetHints":{"allow":["GET"]}}],"collection":[{"href":"https:\/\/treasurehymns.com\/fr\/wp-json\/wp\/v2\/pages"}],"about":[{"href":"https:\/\/treasurehymns.com\/fr\/wp-json\/wp\/v2\/types\/page"}],"author":[{"embeddable":true,"href":"https:\/\/treasurehymns.com\/fr\/wp-json\/wp\/v2\/users\/1"}],"replies":[{"embeddable":true,"href":"https:\/\/treasurehymns.com\/fr\/wp-json\/wp\/v2\/comments?post=3581"}],"version-history":[{"count":0,"href":"https:\/\/treasurehymns.com\/fr\/wp-json\/wp\/v2\/pages\/3581\/revisions"}],"wp:attachment":[{"href":"https:\/\/treasurehymns.com\/fr\/wp-json\/wp\/v2\/media?parent=3581"}],"curies":[{"name":"wp","href":"https:\/\/api.w.org\/{rel}","templated":true}]}}