{"id":3580,"date":"2025-12-17T20:14:12","date_gmt":"2025-12-17T20:14:12","guid":{"rendered":"https:\/\/treasurehymns.com\/fr\/a-propos\/"},"modified":"2025-12-17T20:14:12","modified_gmt":"2025-12-17T20:14:12","slug":"a-propos","status":"publish","type":"page","link":"https:\/\/treasurehymns.com\/fr\/a-propos\/","title":{"rendered":"\u00c0 propos"},"content":{"rendered":"<p>\u00c0 propos de Treasure Hymns : Treasure Hymns est un sanctuaire num\u00e9rique d\u00e9di\u00e9 \u00e0 la pr\u00e9servation, \u00e0 la c\u00e9l\u00e9bration et au partage de la beaut\u00e9 intemporelle de la musique sacr\u00e9e. Notre mission est de rendre les hymnes accessibles \u00e0 tous, partout, que vous soyez en qu\u00eate d&#8217;inspiration, de r\u00e9confort spirituel ou simplement de la joie du chant. Notre vision : Nous croyons que les hymnes sont bien plus que de simples m\u00e9lodies ; ce sont des tr\u00e9sors vivants qui transmettent des histoires de foi, d&#8217;espoir et d&#8217;amour \u00e0 travers les g\u00e9n\u00e9rations. Treasure Hymns a pour vocation de : Proposer une collection soigneusement s\u00e9lectionn\u00e9e d&#8217;hymnes classiques et contemporains. Offrir des ressources aux responsables de culte, aux chorales et aux particuliers. Cr\u00e9er un espace o\u00f9 musique et sens se rencontrent. Ce que nous proposons : Biblioth\u00e8que num\u00e9rique d&#8217;hymnes : Explorez un large \u00e9ventail d&#8217;hymnes avec leurs paroles, partitions et enregistrements. Contenu inspirant : Articles, r\u00e9flexions et t\u00e9moignages qui mettent en lumi\u00e8re l&#8217;histoire et l&#8217;impact de l&#8217;hymnodie. Lien communautaire : Une plateforme permettant aux croyants, aux musiciens et aux personnes en recherche spirituelle de partager leurs voix et leurs exp\u00e9riences. Pourquoi Treasure Hymns ? Dans un monde tr\u00e9pidant, les hymnes nous invitent \u00e0 faire une pause, \u00e0 r\u00e9fl\u00e9chir et \u00e0 nous reconnecter \u00e0 l&#8217;essentiel. Treasure Hymns repose sur la conviction que ces chants ne sont pas des reliques du pass\u00e9, mais des expressions vivantes de la foi qui continuent d&#8217;inspirer aujourd&#8217;hui. Rejoignez-nous\u00a0! Que vous d\u00e9couvriez les hymnes pour la premi\u00e8re fois ou que vous red\u00e9couvriez vos pr\u00e9f\u00e9r\u00e9s, Treasure Hymns vous invite \u00e0 cheminer avec nous. Ensemble, faisons vivre la musique et laissons son message r\u00e9sonner dans les c\u0153urs du monde entier. Treasure Hymns\u00a0\u2014 L\u00e0 o\u00f9 les chants sacr\u00e9s deviennent des tr\u00e9sors intemporels.<\/p>\n","protected":false},"excerpt":{"rendered":"<p>\u00c0 propos de Treasure Hymns : Treasure Hymns est un sanctuaire num\u00e9rique d\u00e9di\u00e9 \u00e0 la pr\u00e9servation, \u00e0 la c\u00e9l\u00e9bration et au partage de la beaut\u00e9 intemporelle de la musique sacr\u00e9e. Notre mission est de rendre les hymnes accessibles \u00e0 tous, partout, que vous soyez en qu\u00eate d&#8217;inspiration, de r\u00e9confort spirituel ou simplement de la joie [&hellip;]<\/p>\n","protected":false},"author":1,"featured_media":0,"parent":0,"menu_order":0,"comment_status":"open","ping_status":"open","template":"","meta":{"footnotes":""},"class_list":["post-3580","page","type-page","status-publish","hentry"],"amp_enabled":true,"_links":{"self":[{"href":"https:\/\/treasurehymns.com\/fr\/wp-json\/wp\/v2\/pages\/3580","targetHints":{"allow":["GET"]}}],"collection":[{"href":"https:\/\/treasurehymns.com\/fr\/wp-json\/wp\/v2\/pages"}],"about":[{"href":"https:\/\/treasurehymns.com\/fr\/wp-json\/wp\/v2\/types\/page"}],"author":[{"embeddable":true,"href":"https:\/\/treasurehymns.com\/fr\/wp-json\/wp\/v2\/users\/1"}],"replies":[{"embeddable":true,"href":"https:\/\/treasurehymns.com\/fr\/wp-json\/wp\/v2\/comments?post=3580"}],"version-history":[{"count":0,"href":"https:\/\/treasurehymns.com\/fr\/wp-json\/wp\/v2\/pages\/3580\/revisions"}],"wp:attachment":[{"href":"https:\/\/treasurehymns.com\/fr\/wp-json\/wp\/v2\/media?parent=3580"}],"curies":[{"name":"wp","href":"https:\/\/api.w.org\/{rel}","templated":true}]}}