{"id":3579,"date":"2025-12-17T20:14:12","date_gmt":"2025-12-17T20:14:12","guid":{"rendered":"https:\/\/treasurehymns.com\/fr\/termes-et-conditions\/"},"modified":"2025-12-17T20:14:12","modified_gmt":"2025-12-17T20:14:12","slug":"termes-et-conditions","status":"publish","type":"page","link":"https:\/\/treasurehymns.com\/fr\/termes-et-conditions\/","title":{"rendered":"Termes et conditions"},"content":{"rendered":"<p>Conditions g\u00e9n\u00e9rales d&#8217;utilisation Bienvenue sur TreasureHymns.com. En acc\u00e9dant \u00e0 notre site web ou en l&#8217;utilisant, vous acceptez de vous conformer aux conditions g\u00e9n\u00e9rales d&#8217;utilisation suivantes et d&#8217;y \u00eatre li\u00e9. Veuillez les lire attentivement. 1. Acceptation des conditions En utilisant TreasureHymns.com, vous reconnaissez avoir lu, compris et accept\u00e9 d&#8217;\u00eatre li\u00e9 par les pr\u00e9sentes conditions g\u00e9n\u00e9rales d&#8217;utilisation. Si vous n&#8217;\u00eates pas d&#8217;accord, veuillez cesser d&#8217;utiliser le site. 2. Utilisation du contenu Tous les hymnes, articles et ressources disponibles sur TreasureHymns.com sont fournis pour un usage personnel et non commercial. Vous ne pouvez reproduire, distribuer ou modifier aucun contenu sans autorisation \u00e9crite pr\u00e9alable. 3. Comportement de l&#8217;utilisateur Vous vous engagez \u00e0 ne pas utiliser le site web \u00e0 des fins ill\u00e9gales. Vous ne devez pas tenter d&#8217;obtenir un acc\u00e8s non autoris\u00e9 \u00e0 nos syst\u00e8mes ni d&#8217;interf\u00e9rer avec le fonctionnement du site. 4. Propri\u00e9t\u00e9 intellectuelle Tout le contenu, y compris les textes, les graphismes, les logos et les fichiers audio, est la propri\u00e9t\u00e9 de TreasureHymns.com, sauf indication contraire. Toute utilisation non autoris\u00e9e de notre propri\u00e9t\u00e9 intellectuelle est strictement interdite. 5. Liens vers des sites tiers TreasureHymns.com peut contenir des liens vers des sites web externes. Nous ne sommes pas responsables du contenu, de l&#8217;exactitude ni des pratiques des sites tiers. 6. Exclusion de garanties Le contenu de TreasureHymns.com est fourni \u00ab tel quel \u00bb, sans aucune garantie. Nous ne garantissons pas que le site sera exempt d&#8217;erreurs, accessible sans interruption ni s\u00e9curis\u00e9. 7. Limitation de responsabilit\u00e9 TreasureHymns.com ne saurait \u00eatre tenu responsable des dommages r\u00e9sultant de l&#8217;utilisation ou de l&#8217;impossibilit\u00e9 d&#8217;utiliser le site web. 8. Politique de confidentialit\u00e9 Votre utilisation de TreasureHymns.com est \u00e9galement r\u00e9gie par notre Politique de confidentialit\u00e9, qui explique comment nous collectons et utilisons vos informations. 9. Modifications des conditions g\u00e9n\u00e9rales Nous nous r\u00e9servons le droit de mettre \u00e0 jour ou de modifier les pr\u00e9sentes conditions g\u00e9n\u00e9rales \u00e0 tout moment. Les modifications entreront en vigueur imm\u00e9diatement apr\u00e8s leur publication. 10. Droit applicable Les pr\u00e9sentes conditions g\u00e9n\u00e9rales sont r\u00e9gies par le droit ougandais et interpr\u00e9t\u00e9es conform\u00e9ment \u00e0 celui-ci.<\/p>\n","protected":false},"excerpt":{"rendered":"<p>Conditions g\u00e9n\u00e9rales d&#8217;utilisation Bienvenue sur TreasureHymns.com. En acc\u00e9dant \u00e0 notre site web ou en l&#8217;utilisant, vous acceptez de vous conformer aux conditions g\u00e9n\u00e9rales d&#8217;utilisation suivantes et d&#8217;y \u00eatre li\u00e9. Veuillez les lire attentivement. 1. Acceptation des conditions En utilisant TreasureHymns.com, vous reconnaissez avoir lu, compris et accept\u00e9 d&#8217;\u00eatre li\u00e9 par les pr\u00e9sentes conditions g\u00e9n\u00e9rales d&#8217;utilisation. [&hellip;]<\/p>\n","protected":false},"author":1,"featured_media":0,"parent":0,"menu_order":0,"comment_status":"open","ping_status":"open","template":"","meta":{"footnotes":""},"class_list":["post-3579","page","type-page","status-publish","hentry"],"amp_enabled":true,"_links":{"self":[{"href":"https:\/\/treasurehymns.com\/fr\/wp-json\/wp\/v2\/pages\/3579","targetHints":{"allow":["GET"]}}],"collection":[{"href":"https:\/\/treasurehymns.com\/fr\/wp-json\/wp\/v2\/pages"}],"about":[{"href":"https:\/\/treasurehymns.com\/fr\/wp-json\/wp\/v2\/types\/page"}],"author":[{"embeddable":true,"href":"https:\/\/treasurehymns.com\/fr\/wp-json\/wp\/v2\/users\/1"}],"replies":[{"embeddable":true,"href":"https:\/\/treasurehymns.com\/fr\/wp-json\/wp\/v2\/comments?post=3579"}],"version-history":[{"count":0,"href":"https:\/\/treasurehymns.com\/fr\/wp-json\/wp\/v2\/pages\/3579\/revisions"}],"wp:attachment":[{"href":"https:\/\/treasurehymns.com\/fr\/wp-json\/wp\/v2\/media?parent=3579"}],"curies":[{"name":"wp","href":"https:\/\/api.w.org\/{rel}","templated":true}]}}