{"id":3578,"date":"2025-12-17T20:14:12","date_gmt":"2025-12-17T20:14:12","guid":{"rendered":"https:\/\/treasurehymns.com\/fr\/politique-de-confidentialite\/"},"modified":"2025-12-17T20:14:12","modified_gmt":"2025-12-17T20:14:12","slug":"politique-de-confidentialite","status":"publish","type":"page","link":"https:\/\/treasurehymns.com\/fr\/politique-de-confidentialite\/","title":{"rendered":"politique de confidentialit\u00e9"},"content":{"rendered":"<p>Derni\u00e8re mise \u00e0 jour : 8 d\u00e9cembre 2025. Chez treasurehymns.com, nous nous engageons \u00e0 prot\u00e9ger votre vie priv\u00e9e. La pr\u00e9sente Politique de confidentialit\u00e9 d\u00e9crit comment nous recueillons, utilisons et prot\u00e9geons vos informations personnelles. Informations que nous recueillons\u00a0: Informations personnelles\u00a0: Nous pouvons recueillir votre nom, votre adresse courriel et d\u2019autres coordonn\u00e9es lorsque vous nous les fournissez volontairement (par exemple, par le biais de formulaires de contact, d\u2019abonnements ou de comptes utilisateurs). Donn\u00e9es d\u2019utilisation\u00a0: Nous recueillons des donn\u00e9es sur vos interactions avec notre site Web, telles que les adresses IP, le type de navigateur, les pages visit\u00e9es et le temps pass\u00e9 sur le site. Cookies\u00a0: Nous utilisons des cookies pour am\u00e9liorer votre exp\u00e9rience, analyser le trafic et personnaliser le contenu. Vous pouvez g\u00e9rer vos pr\u00e9f\u00e9rences en mati\u00e8re de cookies via les param\u00e8tres de votre navigateur. Comment nous utilisons vos informations\u00a0: Pour fournir et am\u00e9liorer nos services, notamment en proposant du contenu et des ressources adapt\u00e9s \u00e0 votre langue. Pour r\u00e9pondre \u00e0 vos demandes ou vous fournir une assistance client. Pour analyser l\u2019utilisation du site Web et optimiser ses performances. Pour vous envoyer des bulletins d\u2019information ou des documents promotionnels, si vous y consentez. Partage de vos informations\u00a0: Nous ne vendons ni ne louons vos informations personnelles \u00e0 des tiers. Nous pouvons partager vos donn\u00e9es avec des fournisseurs de services de confiance (par exemple, des fournisseurs d\u2019h\u00e9bergement ou d\u2019analyse) qui nous aident \u00e0 exploiter le site Web, dans le cadre d\u2019accords de confidentialit\u00e9 stricts. Nous pouvons divulguer des informations si la loi l&#8217;exige ou pour prot\u00e9ger nos droits. S\u00e9curit\u00e9 des donn\u00e9es\u00a0: Nous mettons en \u0153uvre des mesures de s\u00e9curit\u00e9 raisonnables pour prot\u00e9ger vos donn\u00e9es, mais aucun syst\u00e8me n&#8217;est totalement infaillible. Vous partagez des informations \u00e0 vos propres risques. Vos droits\u00a0: Vous pouvez demander l&#8217;acc\u00e8s \u00e0 vos informations personnelles, leur rectification ou leur suppression en nous contactant \u00e0 l&#8217;adresse alterofworshipug@gmail.com. Vous pouvez vous d\u00e9sabonner des newsletters ou des communications promotionnelles \u00e0 tout moment en utilisant le lien de d\u00e9sabonnement figurant dans les e-mails. Liens vers des sites tiers\u00a0: Notre site web peut contenir des liens vers des sites tiers. Nous ne sommes pas responsables de leurs pratiques en mati\u00e8re de confidentialit\u00e9 ni de leur contenu. Modifications de la pr\u00e9sente politique\u00a0: Nous pouvons mettre \u00e0 jour la pr\u00e9sente politique de confidentialit\u00e9 p\u00e9riodiquement. Les modifications seront publi\u00e9es sur cette page avec la date de mise \u00e0 jour. Pour toute question concernant la pr\u00e9sente politique de confidentialit\u00e9, veuillez nous contacter \u00e0 l&#8217;adresse alterofworshipug@gmail.com.<\/p>\n","protected":false},"excerpt":{"rendered":"<p>Derni\u00e8re mise \u00e0 jour : 8 d\u00e9cembre 2025. Chez treasurehymns.com, nous nous engageons \u00e0 prot\u00e9ger votre vie priv\u00e9e. La pr\u00e9sente Politique de confidentialit\u00e9 d\u00e9crit comment nous recueillons, utilisons et prot\u00e9geons vos informations personnelles. Informations que nous recueillons\u00a0: Informations personnelles\u00a0: Nous pouvons recueillir votre nom, votre adresse courriel et d\u2019autres coordonn\u00e9es lorsque vous nous les fournissez [&hellip;]<\/p>\n","protected":false},"author":1,"featured_media":0,"parent":0,"menu_order":0,"comment_status":"open","ping_status":"open","template":"","meta":{"footnotes":""},"class_list":["post-3578","page","type-page","status-publish","hentry"],"amp_enabled":true,"_links":{"self":[{"href":"https:\/\/treasurehymns.com\/fr\/wp-json\/wp\/v2\/pages\/3578","targetHints":{"allow":["GET"]}}],"collection":[{"href":"https:\/\/treasurehymns.com\/fr\/wp-json\/wp\/v2\/pages"}],"about":[{"href":"https:\/\/treasurehymns.com\/fr\/wp-json\/wp\/v2\/types\/page"}],"author":[{"embeddable":true,"href":"https:\/\/treasurehymns.com\/fr\/wp-json\/wp\/v2\/users\/1"}],"replies":[{"embeddable":true,"href":"https:\/\/treasurehymns.com\/fr\/wp-json\/wp\/v2\/comments?post=3578"}],"version-history":[{"count":0,"href":"https:\/\/treasurehymns.com\/fr\/wp-json\/wp\/v2\/pages\/3578\/revisions"}],"wp:attachment":[{"href":"https:\/\/treasurehymns.com\/fr\/wp-json\/wp\/v2\/media?parent=3578"}],"curies":[{"name":"wp","href":"https:\/\/api.w.org\/{rel}","templated":true}]}}