{"id":3577,"date":"2025-12-17T20:14:12","date_gmt":"2025-12-17T20:14:12","guid":{"rendered":"https:\/\/treasurehymns.com\/fr\/conditions-dutilisation\/"},"modified":"2025-12-17T20:14:12","modified_gmt":"2025-12-17T20:14:12","slug":"conditions-dutilisation","status":"publish","type":"page","link":"https:\/\/treasurehymns.com\/fr\/conditions-dutilisation\/","title":{"rendered":"Conditions d&#8217;utilisation"},"content":{"rendered":"<p>Derni\u00e8re mise \u00e0 jour : 8 octobre 2025. Bienvenue sur treasurehymns.com. En acc\u00e9dant \u00e0 notre site web ou en l&#8217;utilisant, vous acceptez de vous conformer aux pr\u00e9sentes Conditions d&#8217;utilisation et d&#8217;y \u00eatre li\u00e9. Veuillez les lire attentivement. Utilisation du site web. Vous devez avoir au moins 13 ans pour utiliser ce site web. Vous acceptez d&#8217;utiliser le site web uniquement \u00e0 des fins l\u00e9gales et d&#8217;une mani\u00e8re respectueuse des droits d&#8217;autrui. Toute reproduction, distribution ou modification non autoris\u00e9e du contenu de ce site web est interdite. Contenu. Tout le contenu fourni sur treasurehymns.com, y compris les textes, images, vid\u00e9os et banques de mots, est uniquement destin\u00e9 \u00e0 des fins d&#8217;information et de divertissement. Nous nous r\u00e9servons le droit de modifier, supprimer ou mettre \u00e0 jour le contenu \u00e0 tout moment et sans pr\u00e9avis. Comportement de l&#8217;utilisateur. Vous acceptez de ne pas publier ni transmettre de contenu nuisible, offensant ou ill\u00e9gal par le biais de notre site web ou des services associ\u00e9s. Toute tentative de perturber ou d&#8217;endommager le site web, y compris le piratage ou l&#8217;introduction de logiciels malveillants, est strictement interdite. Responsabilit\u00e9. Le site web et son contenu sont fournis \u00ab\u00a0en l&#8217;\u00e9tat\u00a0\u00bb, sans aucune garantie. Nous d\u00e9clinons toute responsabilit\u00e9 pour les dommages r\u00e9sultant de votre utilisation du site web ou de votre incapacit\u00e9 \u00e0 y acc\u00e9der. R\u00e9siliation\u00a0: Nous nous r\u00e9servons le droit de r\u00e9silier ou de suspendre l\u2019acc\u00e8s \u00e0 notre site web \u00e0 notre enti\u00e8re discr\u00e9tion, sans pr\u00e9avis, en cas de comportement enfreignant les pr\u00e9sentes conditions. Droit applicable\u00a0: Les pr\u00e9sentes conditions d\u2019utilisation sont r\u00e9gies par le droit ougandais. Tout litige sera soumis \u00e0 la comp\u00e9tence des tribunaux ougandais. Pour toute question relative aux pr\u00e9sentes conditions, veuillez nous contacter \u00e0 l\u2019adresse alterofworshipug@gmail.com.<\/p>\n","protected":false},"excerpt":{"rendered":"<p>Derni\u00e8re mise \u00e0 jour : 8 octobre 2025. Bienvenue sur treasurehymns.com. En acc\u00e9dant \u00e0 notre site web ou en l&#8217;utilisant, vous acceptez de vous conformer aux pr\u00e9sentes Conditions d&#8217;utilisation et d&#8217;y \u00eatre li\u00e9. Veuillez les lire attentivement. Utilisation du site web. Vous devez avoir au moins 13 ans pour utiliser ce site web. Vous acceptez [&hellip;]<\/p>\n","protected":false},"author":1,"featured_media":0,"parent":0,"menu_order":0,"comment_status":"open","ping_status":"open","template":"","meta":{"footnotes":""},"class_list":["post-3577","page","type-page","status-publish","hentry"],"amp_enabled":true,"_links":{"self":[{"href":"https:\/\/treasurehymns.com\/fr\/wp-json\/wp\/v2\/pages\/3577","targetHints":{"allow":["GET"]}}],"collection":[{"href":"https:\/\/treasurehymns.com\/fr\/wp-json\/wp\/v2\/pages"}],"about":[{"href":"https:\/\/treasurehymns.com\/fr\/wp-json\/wp\/v2\/types\/page"}],"author":[{"embeddable":true,"href":"https:\/\/treasurehymns.com\/fr\/wp-json\/wp\/v2\/users\/1"}],"replies":[{"embeddable":true,"href":"https:\/\/treasurehymns.com\/fr\/wp-json\/wp\/v2\/comments?post=3577"}],"version-history":[{"count":0,"href":"https:\/\/treasurehymns.com\/fr\/wp-json\/wp\/v2\/pages\/3577\/revisions"}],"wp:attachment":[{"href":"https:\/\/treasurehymns.com\/fr\/wp-json\/wp\/v2\/media?parent=3577"}],"curies":[{"name":"wp","href":"https:\/\/api.w.org\/{rel}","templated":true}]}}