{"id":3558,"date":"2025-12-14T14:22:00","date_gmt":"2025-12-14T14:22:00","guid":{"rendered":"https:\/\/treasurehymns.com\/fr\/?page_id=3558"},"modified":"2025-12-14T14:27:27","modified_gmt":"2025-12-14T14:27:27","slug":"maison","status":"publish","type":"page","link":"https:\/\/treasurehymns.com\/fr\/","title":{"rendered":"Maison"},"content":{"rendered":"\n<h2 class=\"wp-block-heading\">D\u00e9couvrez ci-dessous nos recueils de cantiques chr\u00e9tiens<\/h2>\n\n\n\n<h2 class=\"wp-block-heading\"><a href=\"https:\/\/treasurehymns.com\/fr\/ngaba-cantiques\/\" data-type=\"page\" data-id=\"3562\">Ngaba Cantiques<\/a><\/h2>\n\n\n\n<h2 class=\"wp-block-heading\"><a href=\"https:\/\/treasurehymns.com\/fr\/shalom-cantiques\/\" data-type=\"page\" data-id=\"2795\">Shalom\u00a0Cantiques<\/a><\/h2>\n\n\n\n<h2 class=\"wp-block-heading\"><a href=\"https:\/\/treasurehymns.com\/fr\/sur-les-ailes-de-la-foi-cantiques\/\" data-type=\"page\" data-id=\"3563\">Sur les Ailes de la Foi Cantiques<\/a><\/h2>\n\n\n\n<h2 class=\"wp-block-heading\"><a href=\"https:\/\/treasurehymns.com\/fr\/cantiques-methodistes\/\" data-type=\"page\" data-id=\"3561\">Cantiques M\u00e9thodistes<\/a><\/h2>\n\n\n\n<h2 class=\"wp-block-heading\"><a href=\"https:\/\/treasurehymns.com\/fr\/cantiques-adventistes\/\" data-type=\"page\" data-id=\"3559\">Cantiques adventistes<\/a><\/h2>\n\n\n\n<h2 class=\"wp-block-heading\">Cantiques que vous pourriez appr\u00e9cier<\/h2>\n\n\n\n<h2 class=\"wp-block-heading\"><a href=\"https:\/\/treasurehymns.com\/fr\/list-de-cantiques-du-togo-baptiste\/\" data-type=\"page\" data-id=\"3560\">List De Cantiques Du Togo Baptiste<\/a><\/h2>\n\n\n\n<p><\/p>\n\n\n<ul class=\"display-posts-listing\"><li class=\"listing-item one-third first\"><a class=\"title\" href=\"https:\/\/treasurehymns.com\/fr\/cantiques-adventistes\/cantique-405-monts-et-coteaux-reverdissent-paroles\/\">Cantique 405 Monts et coteaux reverdissent Paroles<\/a><\/li><li class=\"listing-item one-third\"><a class=\"title\" href=\"https:\/\/treasurehymns.com\/fr\/cantiques-du-togo-baptiste\/cantique-463-dieu-tu-es-grand-paroles\/\">Cantique 463 DIEU TU ES GRAND Paroles<\/a><\/li><li class=\"listing-item one-third\"><a class=\"title\" href=\"https:\/\/treasurehymns.com\/fr\/cantiques-methodistes\/cantique-470-468-toi-qui-disposes-paroles\/\">Cantique 470 468. Toi qui disposes Paroles<\/a><\/li><li class=\"listing-item one-third first\"><a class=\"title\" href=\"https:\/\/treasurehymns.com\/fr\/cantiques-methodistes\/cantique-361-360-possedes-tu-pauvre-pecheur-paroles\/\">Cantique 361 360. Poss\u00e8des-tu, pauvre p\u00e9cheur Paroles<\/a><\/li><li class=\"listing-item one-third\"><a class=\"title\" href=\"https:\/\/treasurehymns.com\/fr\/cantiques-adventistes\/cantique-148-ah-quil-est-beau-paroles\/\">Cantique 148 Ah! Qu&#8217;il est beau&#8230; Paroles<\/a><\/li><li class=\"listing-item one-third\"><a class=\"title\" href=\"https:\/\/treasurehymns.com\/fr\/shalom-cantiques\/cantique-188-demain-peut-etre-je-te-croirai-paroles\/\">Cantique 188 DEMAIN, PEUT-\u00caTRE, JE TE CROIRAI Paroles<\/a><\/li><li class=\"listing-item one-third first\"><a class=\"title\" href=\"https:\/\/treasurehymns.com\/fr\/cantiques-methodistes\/cantique-138-137-voyez-le-christ-sur-la-nue-paroles\/\">Cantique 138 137. Voyez le Christ sur la nue Paroles<\/a><\/li><li class=\"listing-item one-third\"><a class=\"title\" href=\"https:\/\/treasurehymns.com\/fr\/cantiques-methodistes\/cantique-340-339-lutte-quand-lesprit-de-grace-paroles\/\">Cantique 340 339. Lutte quand l\u2019Esprit de gr\u00e2ce Paroles<\/a><\/li><li class=\"listing-item one-third\"><a class=\"title\" href=\"https:\/\/treasurehymns.com\/fr\/cantiques-adventistes\/cantique-346-a-de-nouveaux-combats-paroles\/\">Cantique 346 \u00c0 de nouveaux combats Paroles<\/a><\/li><li class=\"listing-item one-third first\"><a class=\"title\" href=\"https:\/\/treasurehymns.com\/fr\/sur-les-ailes-de-la-foi-cantiques\/cantique-390-ne-te-desole-point-sion-paroles\/\">Cantique 390  Ne te d\u00e9sole point, Sion. Paroles<\/a><\/li><li class=\"listing-item one-third\"><a class=\"title\" href=\"https:\/\/treasurehymns.com\/fr\/cantiques-methodistes\/cantique-279-278-dans-mon-ame-paroles\/\">Cantique 279 278. Dans mon \u00e2me Paroles<\/a><\/li><li class=\"listing-item one-third\"><a class=\"title\" href=\"https:\/\/treasurehymns.com\/fr\/cantiques-adventistes\/cantique-138-ta-parole-seigneur-paroles\/\">Cantique 138 Ta Parole, Seigneur Paroles<\/a><\/li><li class=\"listing-item one-third first\"><a class=\"title\" href=\"https:\/\/treasurehymns.com\/fr\/cantiques-methodistes\/cantique-250-249-la-terre-roule-paroles\/\">Cantique 250 249. La terre roule Paroles<\/a><\/li><li class=\"listing-item one-third\"><a class=\"title\" href=\"https:\/\/treasurehymns.com\/fr\/cantiques-adventistes\/cantique-630-jerusalem-cite-de-dieu-paroles\/\">Cantique 630 J\u00e9rusalem, cit\u00e9 de Dieu Paroles<\/a><\/li><li class=\"listing-item one-third\"><a class=\"title\" href=\"https:\/\/treasurehymns.com\/fr\/cantiques-du-togo-baptiste\/cantique-173-a-toi-jesus-je-me-donne-paroles\/\">Cantique 173 A TOI, JESUS, JE ME DONNE Paroles<\/a><\/li><li class=\"listing-item one-third first\"><a class=\"title\" href=\"https:\/\/treasurehymns.com\/fr\/cantiques-du-togo-baptiste\/cantique-150-publiez-bien-haut-la-grande-nouvelle-paroles\/\">Cantique 150 PUBLIEZ BIEN HAUT LA GRANDE NOUVELLE Paroles<\/a><\/li><li class=\"listing-item one-third\"><a class=\"title\" href=\"https:\/\/treasurehymns.com\/fr\/sur-les-ailes-de-la-foi-cantiques\/cantique-187-par-la-flamme-et-la-nuee-paroles\/\">Cantique 187  Par la flamme et la nu\u00e9e. Paroles<\/a><\/li><li class=\"listing-item one-third\"><a class=\"title\" href=\"https:\/\/treasurehymns.com\/fr\/cantiques-methodistes\/cantique-398-397-pour-tous-les-saints-paroles\/\">Cantique 398 397. Pour tous les saints Paroles<\/a><\/li><li class=\"listing-item one-third first\"><a class=\"title\" href=\"https:\/\/treasurehymns.com\/fr\/cantiques-methodistes\/cantique-232-231-sur-toi-je-me-repose-paroles\/\">Cantique 232 231. Sur toi je me repose Paroles<\/a><\/li><li class=\"listing-item one-third\"><a class=\"title\" href=\"https:\/\/treasurehymns.com\/fr\/sur-les-ailes-de-la-foi-cantiques\/cantique-126-non-rien-en-ma-personne-paroles\/\">Cantique 126  Non, rien en ma personne. Paroles<\/a><\/li><li class=\"listing-item one-third\"><a class=\"title\" href=\"https:\/\/treasurehymns.com\/fr\/sur-les-ailes-de-la-foi-cantiques\/cantique-500-tous-unis-sous-la-banniere-paroles\/\">Cantique 500  Tous unis sous la banni\u00e8re. Paroles<\/a><\/li><li class=\"listing-item one-third first\"><a class=\"title\" href=\"https:\/\/treasurehymns.com\/fr\/cantiques-methodistes\/cantique-75-74-de-son-trone-de-lumiere-paroles\/\">Cantique 75 74. De son tr\u00f4ne de lumi\u00e8re Paroles<\/a><\/li><li class=\"listing-item one-third\"><a class=\"title\" href=\"https:\/\/treasurehymns.com\/fr\/cantiques-du-togo-baptiste\/cantique-106-kristo-fia-f%c9%94-egbe-sia-paroles\/\">Cantique 106 KRISTO FIA F\u0186 EGBE SIA ! Paroles<\/a><\/li><li class=\"listing-item one-third\"><a class=\"title\" href=\"https:\/\/treasurehymns.com\/fr\/cantiques-methodistes\/cantique-97-96-jesus-jesus-mon-sauveur-paroles\/\">Cantique 97 96. J\u00e9sus, J\u00e9sus, mon Sauveur Paroles<\/a><\/li><li class=\"listing-item one-third first\"><a class=\"title\" href=\"https:\/\/treasurehymns.com\/fr\/cantiques-du-togo-baptiste\/cantique-245-yesu-%c6%92-amenuvevedzo-paroles\/\">Cantique 245 YESU \u0191\u2019 AMENUVEVEDZO Paroles<\/a><\/li><li class=\"listing-item one-third\"><a class=\"title\" href=\"https:\/\/treasurehymns.com\/fr\/sur-les-ailes-de-la-foi-cantiques\/cantique-401-saisis-ma-main-craintive-paroles\/\">Cantique 401  Saisis ma main craintive. Paroles<\/a><\/li><li class=\"listing-item one-third\"><a class=\"title\" href=\"https:\/\/treasurehymns.com\/fr\/cantiques-adventistes\/cantique-57-benissons-dieu-paroles\/\">Cantique 57 B\u00e9nissons Dieu&#8230; Paroles<\/a><\/li><li class=\"listing-item one-third first\"><a class=\"title\" href=\"https:\/\/treasurehymns.com\/fr\/cantiques-methodistes\/cantique-359-358-o-vous-qui-navez-pas-la-paix-paroles\/\">Cantique 359 358. \u00d4 vous qui n\u2019avez pas la paix Paroles<\/a><\/li><li class=\"listing-item one-third\"><a class=\"title\" href=\"https:\/\/treasurehymns.com\/fr\/shalom-cantiques\/cantique-442-silence-silence-paroles\/\">Cantique 442 SILENCE! SILENCE! Paroles<\/a><\/li><li class=\"listing-item one-third\"><a class=\"title\" href=\"https:\/\/treasurehymns.com\/fr\/ngaba-cantiques\/cantique-10-o-jour-heureux-jour-de-bonheur-paroles\/\">Cantique 10 O jour heureux, jour de bonheur Paroles<\/a><\/li><li class=\"listing-item one-third first\"><a class=\"title\" href=\"https:\/\/treasurehymns.com\/fr\/cantiques-methodistes\/cantique-641-56-sunhwlevu-te-die-paroles\/\">Cantique 641 56. Sunhwl\u1eb9vu\u0301 t\u1eb9\u0301 die ? Paroles<\/a><\/li><li class=\"listing-item one-third\"><a class=\"title\" href=\"https:\/\/treasurehymns.com\/fr\/cantiques-adventistes\/cantique-93-souvent-seigneur-paroles\/\">Cantique 93 Souvent Seigneur! Paroles<\/a><\/li><li class=\"listing-item one-third\"><a class=\"title\" href=\"https:\/\/treasurehymns.com\/fr\/cantiques-adventistes\/cantique-411-que-ta-lumiere-paroles\/\">Cantique 411 Que ta lumi\u00e8re&#8230; Paroles<\/a><\/li><li class=\"listing-item one-third first\"><a class=\"title\" href=\"https:\/\/treasurehymns.com\/fr\/cantiques-adventistes\/cantique-127-saint-paroles\/\">Cantique 127 Saint Paroles<\/a><\/li><li class=\"listing-item one-third\"><a class=\"title\" href=\"https:\/\/treasurehymns.com\/fr\/cantiques-methodistes\/cantique-90-89-sortez-bergers-paroles\/\">Cantique 90 89. Sortez bergers Paroles<\/a><\/li><li class=\"listing-item one-third\"><a class=\"title\" href=\"https:\/\/treasurehymns.com\/fr\/cantiques-adventistes\/cantique-17-or-vers-minuit-paroles\/\">Cantique 17 Or, vers minuit&#8230; Paroles<\/a><\/li><li class=\"listing-item one-third first\"><a class=\"title\" href=\"https:\/\/treasurehymns.com\/fr\/cantiques-methodistes\/cantique-852-267-yen-ko-havun-dagbe-paroles\/\">Cantique 852 267. Y\u1eb9n ko h\u2019av\u00f9n dagbe Paroles<\/a><\/li><li class=\"listing-item one-third\"><a class=\"title\" href=\"https:\/\/treasurehymns.com\/fr\/sur-les-ailes-de-la-foi-cantiques\/cantique-225-o-toi-qui-souffres-solitaire-chorusdieu-te-cherche-paroles\/\">Cantique 225  O toi, qui souffres solitaire.\n\nchorus\nDieu te cherche Paroles<\/a><\/li><li class=\"listing-item one-third\"><a class=\"title\" href=\"https:\/\/treasurehymns.com\/fr\/cantiques-methodistes\/cantique-817-232-%e1%b8%a5ie-lengbohoto-wiwe-paroles\/\">Cantique 817 232. \u1e24i\u1eb9 L\u1eb9ngb\u1ecdh\u1ecdt\u1ecd Wiwe Paroles<\/a><\/li><li class=\"listing-item one-third first\"><a class=\"title\" href=\"https:\/\/treasurehymns.com\/fr\/cantiques-adventistes\/cantique-40-o-seigneur-paroles\/\">Cantique 40 O Seigneur&#8230; Paroles<\/a><\/li><li class=\"listing-item one-third\"><a class=\"title\" href=\"https:\/\/treasurehymns.com\/fr\/cantiques-adventistes\/cantique-256-toi-dont-lame-est-tourmentee-paroles\/\">Cantique 256 Toi dont l\u2019\u00e2me est tourment\u00e9e Paroles<\/a><\/li><li class=\"listing-item one-third\"><a class=\"title\" href=\"https:\/\/treasurehymns.com\/fr\/sur-les-ailes-de-la-foi-cantiques\/cantique-229-voudrais-tu-gouter-le-parfait-bonheur-chorusa-la-grace-paroles\/\">Cantique 229  Voudrais-tu go\u00fbter le parfait bonheur.\n\nchorus\nA la gr\u00e2ce Paroles<\/a><\/li><li class=\"listing-item one-third first\"><a class=\"title\" href=\"https:\/\/treasurehymns.com\/fr\/shalom-cantiques\/cantique-312-a-toi-la-gloire-paroles\/\">Cantique 312 \u00c0 TOI LA GLOIRE ! Paroles<\/a><\/li><li class=\"listing-item one-third\"><a class=\"title\" href=\"https:\/\/treasurehymns.com\/fr\/shalom-cantiques\/cantique-416-torrents-damour-et-de-grace-paroles\/\">Cantique 416 TORRENTS D&#8217;AMOUR ET DE GR\u00c2CE Paroles<\/a><\/li><li class=\"listing-item one-third\"><a class=\"title\" href=\"https:\/\/treasurehymns.com\/fr\/cantiques-adventistes\/cantique-228-a-ta-cene-benie-paroles\/\">Cantique 228 \u00c0 ta C\u00e8ne b\u00e9nie Paroles<\/a><\/li><li class=\"listing-item one-third first\"><a class=\"title\" href=\"https:\/\/treasurehymns.com\/fr\/shalom-cantiques\/cantique-177-cloches-sonnez-levangile-paroles\/\">Cantique 177 CLOCHES, SONNEZ L&#8217;\u00c9VANGILE Paroles<\/a><\/li><li class=\"listing-item one-third\"><a class=\"title\" href=\"https:\/\/treasurehymns.com\/fr\/cantiques-methodistes\/cantique-598-13-mi-na-ope-kluno-lon-ton-paroles\/\">Cantique 598 13. M\u00ed n\u00e1 op\u1eb9\u0301 \u2018Klun\u1ecd \u2018l\u1ecdn t\u1ecd\u0300n Paroles<\/a><\/li><li class=\"listing-item one-third\"><a class=\"title\" href=\"https:\/\/treasurehymns.com\/fr\/cantiques-methodistes\/cantique-364-363-que-la-moisson-du-monde-paroles\/\">Cantique 364 363. Que la moisson du monde Paroles<\/a><\/li><li class=\"listing-item one-third first\"><a class=\"title\" href=\"https:\/\/treasurehymns.com\/fr\/cantiques-adventistes\/cantique-271-misericorde-insondable-paroles\/\">Cantique 271 Mis\u00e9ricorde insondable Paroles<\/a><\/li><li class=\"listing-item one-third\"><a class=\"title\" href=\"https:\/\/treasurehymns.com\/fr\/shalom-cantiques\/cantique-76-la-lutte-supreme-paroles\/\">Cantique 76 LA LUTTE SUPR\u00caME Paroles<\/a><\/li><\/ul>\n\n\n<div class=\"popular-posts\"><h2>Cantiques populaires<\/h2><script type=\"application\/json\" data-id=\"wpp-block-inline-js\">{\"title\":\"Cantiques populaires\",\"limit\":\"50\",\"offset\":0,\"range\":\"last30days\",\"time_quantity\":\"24\",\"time_unit\":\"hour\",\"freshness\":false,\"order_by\":\"views\",\"post_type\":\"post\",\"pid\":\"\",\"exclude\":\"\",\"taxonomy\":\"category\",\"term_id\":\"\",\"author\":\"\",\"shorten_title\":{\"active\":false,\"length\":0,\"words\":false},\"post-excerpt\":{\"active\":false,\"length\":0,\"keep_format\":false,\"words\":false},\"thumbnail\":{\"active\":false,\"width\":0,\"height\":0,\"build\":\"manual\",\"size\":\"\"},\"rating\":false,\"stats_tag\":{\"comment_count\":false,\"views\":false,\"author\":false,\"date\":{\"active\":false,\"format\":\"F j, Y\"},\"taxonomy\":{\"active\":true,\"name\":\"category\"}},\"markup\":{\"custom_html\":true,\"wpp-start\":\"<ul class=\\\"wpp-list wpp-tiny\\\">\",\"wpp-end\":\"<\\\/ul>\",\"title-start\":\"<h2>\",\"title-end\":\"<\\\/h2>\",\"post-html\":\"<li class=\\\"{current_class}\\\"><div class=\\\"wpp-item-data\\\">{category}<\\\/div> {title}<\\\/li>\"},\"theme\":{\"name\":\"tiny\"}}<\/script><div class=\"wpp-widget-block-placeholder\"><\/div><\/div>","protected":false},"excerpt":{"rendered":"<p>D\u00e9couvrez ci-dessous nos recueils de cantiques chr\u00e9tiens Ngaba Cantiques Shalom\u00a0Cantiques Sur les Ailes de la Foi Cantiques Cantiques M\u00e9thodistes Cantiques adventistes Cantiques que vous pourriez appr\u00e9cier List De Cantiques Du Togo Baptiste<\/p>\n","protected":false},"author":1,"featured_media":0,"parent":0,"menu_order":0,"comment_status":"closed","ping_status":"closed","template":"","meta":{"footnotes":""},"class_list":["post-3558","page","type-page","status-publish","hentry"],"amp_enabled":false,"_links":{"self":[{"href":"https:\/\/treasurehymns.com\/fr\/wp-json\/wp\/v2\/pages\/3558","targetHints":{"allow":["GET"]}}],"collection":[{"href":"https:\/\/treasurehymns.com\/fr\/wp-json\/wp\/v2\/pages"}],"about":[{"href":"https:\/\/treasurehymns.com\/fr\/wp-json\/wp\/v2\/types\/page"}],"author":[{"embeddable":true,"href":"https:\/\/treasurehymns.com\/fr\/wp-json\/wp\/v2\/users\/1"}],"replies":[{"embeddable":true,"href":"https:\/\/treasurehymns.com\/fr\/wp-json\/wp\/v2\/comments?post=3558"}],"version-history":[{"count":2,"href":"https:\/\/treasurehymns.com\/fr\/wp-json\/wp\/v2\/pages\/3558\/revisions"}],"predecessor-version":[{"id":3574,"href":"https:\/\/treasurehymns.com\/fr\/wp-json\/wp\/v2\/pages\/3558\/revisions\/3574"}],"wp:attachment":[{"href":"https:\/\/treasurehymns.com\/fr\/wp-json\/wp\/v2\/media?parent=3558"}],"curies":[{"name":"wp","href":"https:\/\/api.w.org\/{rel}","templated":true}]}}