{"id":2468,"date":"2025-12-17T20:41:54","date_gmt":"2025-12-17T20:41:54","guid":{"rendered":"https:\/\/treasurehymns.com\/es\/contacto\/"},"modified":"2025-12-17T20:41:54","modified_gmt":"2025-12-17T20:41:54","slug":"contacto","status":"publish","type":"page","link":"https:\/\/treasurehymns.com\/es\/contacto\/","title":{"rendered":"Contacto"},"content":{"rendered":"<p>Cont\u00e1ctanos. Estamos aqu\u00ed para responder tus preguntas, escuchar tus comentarios o explorar oportunidades de colaboraci\u00f3n. \u00a1Cont\u00e1ctanos hoy mismo! Correo electr\u00f3nico: alterofworshipug@gmail.com Direcci\u00f3n: Entebbe, Uganda Redes sociales: S\u00edguenos en X, Facebook e Instagram para estar al d\u00eda. Nombre de usuario: Nyanzi Tech. Para consultas urgentes, ll\u00e1manos en horario de oficina (de lunes a viernes, de 9:00 a 17:00, hora del este).<\/p>\n","protected":false},"excerpt":{"rendered":"<p>Cont\u00e1ctanos. Estamos aqu\u00ed para responder tus preguntas, escuchar tus comentarios o explorar oportunidades de colaboraci\u00f3n. \u00a1Cont\u00e1ctanos hoy mismo! Correo electr\u00f3nico: alterofworshipug@gmail.com Direcci\u00f3n: Entebbe, Uganda Redes sociales: S\u00edguenos en X, Facebook e Instagram para estar al d\u00eda. Nombre de usuario: Nyanzi Tech. Para consultas urgentes, ll\u00e1manos en horario de oficina (de lunes a viernes, de 9:00 [&hellip;]<\/p>\n","protected":false},"author":1,"featured_media":0,"parent":0,"menu_order":0,"comment_status":"open","ping_status":"open","template":"","meta":{"footnotes":""},"class_list":["post-2468","page","type-page","status-publish","hentry"],"amp_enabled":true,"_links":{"self":[{"href":"https:\/\/treasurehymns.com\/es\/wp-json\/wp\/v2\/pages\/2468","targetHints":{"allow":["GET"]}}],"collection":[{"href":"https:\/\/treasurehymns.com\/es\/wp-json\/wp\/v2\/pages"}],"about":[{"href":"https:\/\/treasurehymns.com\/es\/wp-json\/wp\/v2\/types\/page"}],"author":[{"embeddable":true,"href":"https:\/\/treasurehymns.com\/es\/wp-json\/wp\/v2\/users\/1"}],"replies":[{"embeddable":true,"href":"https:\/\/treasurehymns.com\/es\/wp-json\/wp\/v2\/comments?post=2468"}],"version-history":[{"count":0,"href":"https:\/\/treasurehymns.com\/es\/wp-json\/wp\/v2\/pages\/2468\/revisions"}],"wp:attachment":[{"href":"https:\/\/treasurehymns.com\/es\/wp-json\/wp\/v2\/media?parent=2468"}],"curies":[{"name":"wp","href":"https:\/\/api.w.org\/{rel}","templated":true}]}}