{"id":2467,"date":"2025-12-17T20:41:54","date_gmt":"2025-12-17T20:41:54","guid":{"rendered":"https:\/\/treasurehymns.com\/es\/acerca-de\/"},"modified":"2025-12-17T20:41:54","modified_gmt":"2025-12-17T20:41:54","slug":"acerca-de","status":"publish","type":"page","link":"https:\/\/treasurehymns.com\/es\/acerca-de\/","title":{"rendered":"Acerca de"},"content":{"rendered":"<p>Acerca de Treasure Hymns Treasure Hymns es un santuario digital dedicado a preservar, celebrar y compartir la belleza eterna de la m\u00fasica sacra. Nuestra misi\u00f3n es hacer que los himnos sean accesibles para todos, en todas partes, ya sea que busque inspiraci\u00f3n, alimento espiritual o simplemente la alegr\u00eda de cantar. Nuestra visi\u00f3n Creemos que los himnos son m\u00e1s que melod\u00edas; son tesoros vivientes que llevan historias de fe, esperanza y amor a trav\u00e9s de generaciones. Treasure Hymns existe para: Proporcionar una colecci\u00f3n curada de himnos cl\u00e1sicos y contempor\u00e1neos. Ofrecer recursos para l\u00edderes de adoraci\u00f3n, coros e individuos. Crear un espacio donde la m\u00fasica y el significado se encuentran. Lo que ofrecemos Biblioteca digital de himnarios: Explore una amplia gama de himnos con letras, partituras y grabaciones. Contenido inspirador: Art\u00edculos, reflexiones e historias que resaltan la historia y el impacto de la himnodia. Conexi\u00f3n comunitaria: Una plataforma para que creyentes, m\u00fasicos y buscadores compartan sus voces y experiencias. \u00bfPor qu\u00e9 Treasure Hymns? En un mundo acelerado, los himnos nos recuerdan que debemos hacer una pausa, reflexionar y reconectarnos con lo que m\u00e1s importa. Himnos del Tesoro se basa en la convicci\u00f3n de que estas canciones no son reliquias del pasado, sino expresiones vivas de fe que siguen inspirando hoy. \u00danete a nosotros. Ya sea que descubras himnos por primera vez o revivas tus favoritos, Himnos del Tesoro te invita a acompa\u00f1arnos en tu viaje. Juntos, mantengamos viva la m\u00fasica y dejemos que su mensaje resuene en los corazones de todo el mundo. Himnos del Tesoro: Donde las canciones sagradas se convierten en tesoros atemporales.<\/p>\n","protected":false},"excerpt":{"rendered":"<p>Acerca de Treasure Hymns Treasure Hymns es un santuario digital dedicado a preservar, celebrar y compartir la belleza eterna de la m\u00fasica sacra. Nuestra misi\u00f3n es hacer que los himnos sean accesibles para todos, en todas partes, ya sea que busque inspiraci\u00f3n, alimento espiritual o simplemente la alegr\u00eda de cantar. Nuestra visi\u00f3n Creemos que los [&hellip;]<\/p>\n","protected":false},"author":1,"featured_media":0,"parent":0,"menu_order":0,"comment_status":"open","ping_status":"open","template":"","meta":{"footnotes":""},"class_list":["post-2467","page","type-page","status-publish","hentry"],"amp_enabled":true,"_links":{"self":[{"href":"https:\/\/treasurehymns.com\/es\/wp-json\/wp\/v2\/pages\/2467","targetHints":{"allow":["GET"]}}],"collection":[{"href":"https:\/\/treasurehymns.com\/es\/wp-json\/wp\/v2\/pages"}],"about":[{"href":"https:\/\/treasurehymns.com\/es\/wp-json\/wp\/v2\/types\/page"}],"author":[{"embeddable":true,"href":"https:\/\/treasurehymns.com\/es\/wp-json\/wp\/v2\/users\/1"}],"replies":[{"embeddable":true,"href":"https:\/\/treasurehymns.com\/es\/wp-json\/wp\/v2\/comments?post=2467"}],"version-history":[{"count":0,"href":"https:\/\/treasurehymns.com\/es\/wp-json\/wp\/v2\/pages\/2467\/revisions"}],"wp:attachment":[{"href":"https:\/\/treasurehymns.com\/es\/wp-json\/wp\/v2\/media?parent=2467"}],"curies":[{"name":"wp","href":"https:\/\/api.w.org\/{rel}","templated":true}]}}