{"id":2466,"date":"2025-12-17T20:41:54","date_gmt":"2025-12-17T20:41:54","guid":{"rendered":"https:\/\/treasurehymns.com\/es\/terminos-y-condiciones\/"},"modified":"2025-12-17T20:41:54","modified_gmt":"2025-12-17T20:41:54","slug":"terminos-y-condiciones","status":"publish","type":"page","link":"https:\/\/treasurehymns.com\/es\/terminos-y-condiciones\/","title":{"rendered":"T\u00e9rminos y condiciones"},"content":{"rendered":"<p>T\u00e9rminos y Condiciones Bienvenido a TreasureHymns.com. Al acceder o usar nuestro sitio web, usted acepta cumplir y estar sujeto a los siguientes t\u00e9rminos y condiciones. Por favor, l\u00e9alos cuidadosamente. 1. Aceptaci\u00f3n de T\u00e9rminos Al usar TreasureHymns.com, usted reconoce que ha le\u00eddo, entendido y acepta estar sujeto a estos T\u00e9rminos y Condiciones. Si no est\u00e1 de acuerdo, por favor deje de usar el sitio. 2. Uso del Contenido Todos los himnos, art\u00edculos y recursos en TreasureHymns.com se proporcionan para uso personal, no comercial. Usted no puede reproducir, distribuir o modificar ning\u00fan contenido sin el consentimiento previo por escrito. 3. Conducta del Usuario Usted acepta no hacer mal uso del sitio web con fines ilegales. No debe intentar obtener acceso no autorizado a nuestros sistemas o interferir con la funcionalidad del sitio. 4. Propiedad Intelectual Todo el contenido, incluyendo texto, gr\u00e1ficos, logotipos y audio, es propiedad de TreasureHymns.com a menos que se indique lo contrario. El uso no autorizado de nuestra propiedad intelectual est\u00e1 estrictamente prohibido. 5. Enlaces de terceros TreasureHymns.com puede contener enlaces a sitios web externos. No somos responsables del contenido, la precisi\u00f3n ni las pr\u00e1cticas de estos sitios de terceros. 6. Descargo de responsabilidad de garant\u00edas El contenido de TreasureHymns.com se proporciona &#8220;tal cual&#8221;, sin garant\u00edas de ning\u00fan tipo. No garantizamos que el sitio est\u00e9 libre de errores, sea ininterrumpido o seguro. 7. Limitaci\u00f3n de responsabilidad TreasureHymns.com no ser\u00e1 responsable de ning\u00fan da\u00f1o derivado del uso o la imposibilidad de usar el sitio web. 8. Pol\u00edtica de privacidad Su uso de TreasureHymns.com tambi\u00e9n se rige por nuestra Pol\u00edtica de privacidad, que explica c\u00f3mo recopilamos y usamos su informaci\u00f3n. 9. Cambios en los t\u00e9rminos Nos reservamos el derecho de actualizar o modificar estos T\u00e9rminos y condiciones en cualquier momento. Los cambios entrar\u00e1n en vigor inmediatamente despu\u00e9s de su publicaci\u00f3n. 10. Ley aplicable Estos T\u00e9rminos y condiciones se regir\u00e1n e interpretar\u00e1n de conformidad con las leyes de Uganda.<\/p>\n","protected":false},"excerpt":{"rendered":"<p>T\u00e9rminos y Condiciones Bienvenido a TreasureHymns.com. Al acceder o usar nuestro sitio web, usted acepta cumplir y estar sujeto a los siguientes t\u00e9rminos y condiciones. Por favor, l\u00e9alos cuidadosamente. 1. Aceptaci\u00f3n de T\u00e9rminos Al usar TreasureHymns.com, usted reconoce que ha le\u00eddo, entendido y acepta estar sujeto a estos T\u00e9rminos y Condiciones. Si no est\u00e1 de [&hellip;]<\/p>\n","protected":false},"author":1,"featured_media":0,"parent":0,"menu_order":0,"comment_status":"open","ping_status":"open","template":"","meta":{"footnotes":""},"class_list":["post-2466","page","type-page","status-publish","hentry"],"amp_enabled":true,"_links":{"self":[{"href":"https:\/\/treasurehymns.com\/es\/wp-json\/wp\/v2\/pages\/2466","targetHints":{"allow":["GET"]}}],"collection":[{"href":"https:\/\/treasurehymns.com\/es\/wp-json\/wp\/v2\/pages"}],"about":[{"href":"https:\/\/treasurehymns.com\/es\/wp-json\/wp\/v2\/types\/page"}],"author":[{"embeddable":true,"href":"https:\/\/treasurehymns.com\/es\/wp-json\/wp\/v2\/users\/1"}],"replies":[{"embeddable":true,"href":"https:\/\/treasurehymns.com\/es\/wp-json\/wp\/v2\/comments?post=2466"}],"version-history":[{"count":0,"href":"https:\/\/treasurehymns.com\/es\/wp-json\/wp\/v2\/pages\/2466\/revisions"}],"wp:attachment":[{"href":"https:\/\/treasurehymns.com\/es\/wp-json\/wp\/v2\/media?parent=2466"}],"curies":[{"name":"wp","href":"https:\/\/api.w.org\/{rel}","templated":true}]}}