{"id":2464,"date":"2025-12-17T20:41:54","date_gmt":"2025-12-17T20:41:54","guid":{"rendered":"https:\/\/treasurehymns.com\/es\/condiciones-de-servicio\/"},"modified":"2025-12-17T20:41:54","modified_gmt":"2025-12-17T20:41:54","slug":"condiciones-de-servicio","status":"publish","type":"page","link":"https:\/\/treasurehymns.com\/es\/condiciones-de-servicio\/","title":{"rendered":"Condiciones de servicio"},"content":{"rendered":"<p>\u00daltima actualizaci\u00f3n: 8 de octubre de 2025 Bienvenido a treasurehymns.com. Al acceder o utilizar nuestro sitio web, usted acepta cumplir y estar sujeto a los siguientes T\u00e9rminos de Servicio. Por favor, l\u00e9alos detenidamente. Uso del sitio web Debe tener al menos 13 a\u00f1os para utilizar este sitio web. Usted acepta utilizar el sitio web \u00fanicamente con fines l\u00edcitos y de una manera que respete los derechos de terceros. Queda prohibida la reproducci\u00f3n, distribuci\u00f3n o modificaci\u00f3n no autorizada de cualquier contenido de este sitio web. Contenido Todo el contenido proporcionado en treasurehymns.com, incluyendo texto, im\u00e1genes, v\u00eddeos y repositorios de idiomas, es \u00fanicamente para fines informativos y de entretenimiento. Nos reservamos el derecho de modificar, eliminar o actualizar el contenido en cualquier momento sin previo aviso. Conducta del usuario Usted acepta no publicar ni transmitir ning\u00fan contenido da\u00f1ino, ofensivo o ilegal a trav\u00e9s de nuestro sitio web o servicios relacionados. Cualquier intento de interrumpir o da\u00f1ar el sitio web, incluyendo la pirater\u00eda o la introducci\u00f3n de malware, est\u00e1 estrictamente prohibido. Responsabilidad El sitio web y su contenido se proporcionan &#8220;tal cual&#8221; sin garant\u00edas de ning\u00fan tipo. No nos hacemos responsables de ning\u00fan da\u00f1o que surja de su uso del sitio web o de la incapacidad de acceder a \u00e9l. Terminaci\u00f3n Nos reservamos el derecho de terminar o suspender el acceso a nuestro sitio web a nuestra discreci\u00f3n, sin previo aviso, por conducta que viole estos t\u00e9rminos. Ley aplicable Estos T\u00e9rminos de servicio se rigen por las leyes de Uganda. Cualquier disputa se resolver\u00e1 en los tribunales de Uganda. Para preguntas sobre estos T\u00e9rminos, cont\u00e1ctenos en alterofworshipug@gmail.com. Ley aplicable Estos T\u00e9rminos de servicio se rigen por las leyes de Uganda. Cualquier disputa se resolver\u00e1 en los tribunales de Uganda. Para preguntas sobre estos T\u00e9rminos, cont\u00e1ctenos en alterofworshipug@gmail.com.<\/p>\n","protected":false},"excerpt":{"rendered":"<p>\u00daltima actualizaci\u00f3n: 8 de octubre de 2025 Bienvenido a treasurehymns.com. Al acceder o utilizar nuestro sitio web, usted acepta cumplir y estar sujeto a los siguientes T\u00e9rminos de Servicio. Por favor, l\u00e9alos detenidamente. Uso del sitio web Debe tener al menos 13 a\u00f1os para utilizar este sitio web. Usted acepta utilizar el sitio web \u00fanicamente [&hellip;]<\/p>\n","protected":false},"author":1,"featured_media":0,"parent":0,"menu_order":0,"comment_status":"open","ping_status":"open","template":"","meta":{"footnotes":""},"class_list":["post-2464","page","type-page","status-publish","hentry"],"amp_enabled":true,"_links":{"self":[{"href":"https:\/\/treasurehymns.com\/es\/wp-json\/wp\/v2\/pages\/2464","targetHints":{"allow":["GET"]}}],"collection":[{"href":"https:\/\/treasurehymns.com\/es\/wp-json\/wp\/v2\/pages"}],"about":[{"href":"https:\/\/treasurehymns.com\/es\/wp-json\/wp\/v2\/types\/page"}],"author":[{"embeddable":true,"href":"https:\/\/treasurehymns.com\/es\/wp-json\/wp\/v2\/users\/1"}],"replies":[{"embeddable":true,"href":"https:\/\/treasurehymns.com\/es\/wp-json\/wp\/v2\/comments?post=2464"}],"version-history":[{"count":0,"href":"https:\/\/treasurehymns.com\/es\/wp-json\/wp\/v2\/pages\/2464\/revisions"}],"wp:attachment":[{"href":"https:\/\/treasurehymns.com\/es\/wp-json\/wp\/v2\/media?parent=2464"}],"curies":[{"name":"wp","href":"https:\/\/api.w.org\/{rel}","templated":true}]}}