{"id":1860,"date":"2025-12-13T21:18:29","date_gmt":"2025-12-13T21:18:29","guid":{"rendered":"https:\/\/treasurehymns.com\/es\/?page_id=1860"},"modified":"2025-12-15T09:53:03","modified_gmt":"2025-12-15T09:53:03","slug":"hogar","status":"publish","type":"page","link":"https:\/\/treasurehymns.com\/es\/","title":{"rendered":"Hogar"},"content":{"rendered":"\n<h2 class=\"wp-block-heading\">Vea nuestras colecciones de himnos cristianos a continuaci\u00f3n<\/h2>\n\n\n\n<h2 class=\"wp-block-heading\"><a href=\"https:\/\/treasurehymns.com\/es\/antiguo-himnario-adventista-lista-de-himnos\/\" data-type=\"page\" data-id=\"1881\">Antiguo himnario adventista Lista de himnos<\/a><\/h2>\n\n\n\n<h2 class=\"wp-block-heading\"><a href=\"https:\/\/treasurehymns.com\/es\/himnario-adventista-nuevo-lista-de-himnos\/\" data-type=\"page\" data-id=\"1902\">Himnario Adventista Nuevo Lista de himnos<\/a><\/h2>\n\n\n\n<h2 class=\"wp-block-heading\"><a href=\"https:\/\/treasurehymns.com\/es\/himnario-gracia-y-devocion-lista-de-himnos\/\" data-type=\"page\" data-id=\"2187\">Himnario Gracia y Devoci\u00f3n Lista de himnos<\/a><\/h2>\n\n\n\n<h2 class=\"wp-block-heading\"><a href=\"https:\/\/treasurehymns.com\/es\/iglesia-de-dios-ministerial-de-jesucristo-internacional-himnos\/\" data-type=\"page\" data-id=\"2235\">Iglesia de Dios Ministerial de Jesucristo Internacional Himnos<\/a><\/h2>\n\n\n\n<h2 class=\"wp-block-heading\">Himnos que te pueden gustar<\/h2>\n\n\n<ul class=\"display-posts-listing\"><li class=\"listing-item one-third first\"><a class=\"title\" href=\"https:\/\/treasurehymns.com\/es\/himnario-gracia-y-devocion\/himno-157-haz-tu-voluntad-lirica\/\">himno 157 Haz Tu Voluntad L\u00edrica<\/a><\/li><li class=\"listing-item one-third\"><a class=\"title\" href=\"https:\/\/treasurehymns.com\/es\/antiguo-himnario-adventista\/himno-58-jehova-te-bendiga-lirica\/\">himno 58 Jehov\u00e1 te bendiga L\u00edrica<\/a><\/li><li class=\"listing-item one-third\"><a class=\"title\" href=\"https:\/\/treasurehymns.com\/es\/iglesia-de-dios-ministerial-de-jesucristo-internacional\/himno-82-el-nombre-de-jesus-lirica\/\">Himno 82 EL NOMBRE DE JES\u00daS  L\u00edrica<\/a><\/li><li class=\"listing-item one-third first\"><a class=\"title\" href=\"https:\/\/treasurehymns.com\/es\/antiguo-himnario-adventista\/himno-501-oh-celica-jerusalen-lirica\/\">himno 501 \u00a1Oh c\u00e9lica Jerusal\u00e9n! L\u00edrica<\/a><\/li><li class=\"listing-item one-third\"><a class=\"title\" href=\"https:\/\/treasurehymns.com\/es\/himnario-gracia-y-devocion\/himno-20-con-canticos-senor-lirica\/\">himno 20 Con C\u00e1nticos, Se\u00f1or L\u00edrica<\/a><\/li><li class=\"listing-item one-third\"><a class=\"title\" href=\"https:\/\/treasurehymns.com\/es\/himnario-adventista-nuevo\/himno-173-sera-al-albor-lirica\/\">himno 173  \u00bfSer\u00e1 al albor? L\u00edrica<\/a><\/li><li class=\"listing-item one-third first\"><a class=\"title\" href=\"https:\/\/treasurehymns.com\/es\/himnario-gracia-y-devocion\/himno-131-estad-por-cristo-firmes-lirica\/\">himno 131 Estad Por Cristo Firmes L\u00edrica<\/a><\/li><li class=\"listing-item one-third\"><a class=\"title\" href=\"https:\/\/treasurehymns.com\/es\/antiguo-himnario-adventista\/himno-140-venid-cantad-a-nuestro-senor-lirica\/\">himno 140 Venid, cantad a nuestro Se\u00f1or L\u00edrica<\/a><\/li><li class=\"listing-item one-third\"><a class=\"title\" href=\"https:\/\/treasurehymns.com\/es\/himnario-gracia-y-devocion\/himno-225-cuando-todos-den-sus-diezmos-lirica\/\">himno 225 Cuando Todos Den Sus Diezmos L\u00edrica<\/a><\/li><li class=\"listing-item one-third first\"><a class=\"title\" href=\"https:\/\/treasurehymns.com\/es\/himnario-adventista-nuevo\/himno-587-te-dedicamos-oh-senor-lirica\/\">himno 587  Te dedicamos, oh Se\u00f1or L\u00edrica<\/a><\/li><li class=\"listing-item one-third\"><a class=\"title\" href=\"https:\/\/treasurehymns.com\/es\/himnario-gracia-y-devocion\/himno-195-un-sacrificio-vivo-lirica\/\">himno 195 Un Sacrificio Vivo L\u00edrica<\/a><\/li><li class=\"listing-item one-third\"><a class=\"title\" href=\"https:\/\/treasurehymns.com\/es\/himnario-adventista-nuevo\/himno-40-shalom-lirica\/\">himno 40  Shalom L\u00edrica<\/a><\/li><li class=\"listing-item one-third first\"><a class=\"title\" href=\"https:\/\/treasurehymns.com\/es\/himnario-gracia-y-devocion\/himno-169-yo-soy-testigo-de-jesus-lirica\/\">himno 169 Yo Soy Testigo De Jes\u00fas L\u00edrica<\/a><\/li><li class=\"listing-item one-third\"><a class=\"title\" href=\"https:\/\/treasurehymns.com\/es\/himnario-adventista-nuevo\/himno-48-oh-dios-si-he-ofendido-un-corazon-lirica\/\">himno 48  Oh Dios, si he ofendido un coraz\u00f3n L\u00edrica<\/a><\/li><li class=\"listing-item one-third\"><a class=\"title\" href=\"https:\/\/treasurehymns.com\/es\/himnario-adventista-nuevo\/himno-329-en-la-celica-morada-lirica\/\">himno 329  En la c\u00e9lica morada L\u00edrica<\/a><\/li><li class=\"listing-item one-third first\"><a class=\"title\" href=\"https:\/\/treasurehymns.com\/es\/himnario-adventista-nuevo\/himno-552-oh-cuanto-necesita-lirica\/\">himno 552  \u00a1Oh!, cu\u00e1nto necesita L\u00edrica<\/a><\/li><li class=\"listing-item one-third\"><a class=\"title\" href=\"https:\/\/treasurehymns.com\/es\/antiguo-himnario-adventista\/himno-211-alla-la-puerta-franca-esta-lirica\/\">himno 211 All\u00e1 la puerta franca est\u00e1 L\u00edrica<\/a><\/li><li class=\"listing-item one-third\"><a class=\"title\" href=\"https:\/\/treasurehymns.com\/es\/himnario-adventista-nuevo\/himno-143-digno-eres-tu-lirica\/\">himno 143  Digno eres t\u00fa L\u00edrica<\/a><\/li><li class=\"listing-item one-third first\"><a class=\"title\" href=\"https:\/\/treasurehymns.com\/es\/himnario-adventista-nuevo\/himno-50-baja-el-sol-lirica\/\">himno 50  Baja el sol L\u00edrica<\/a><\/li><li class=\"listing-item one-third\"><a class=\"title\" href=\"https:\/\/treasurehymns.com\/es\/himnario-adventista-nuevo\/himno-613-hoy-nos-toca-trabajar-lirica\/\">himno 613  Hoy nos toca trabajar L\u00edrica<\/a><\/li><li class=\"listing-item one-third\"><a class=\"title\" href=\"https:\/\/treasurehymns.com\/es\/himnario-gracia-y-devocion\/himno-7-gloria-lirica\/\">himno 7 \u00a1 Gloria ! L\u00edrica<\/a><\/li><li class=\"listing-item one-third first\"><a class=\"title\" href=\"https:\/\/treasurehymns.com\/es\/himnario-adventista-nuevo\/himno-81-noche-de-paz-lirica\/\">himno 81  Noche de paz L\u00edrica<\/a><\/li><li class=\"listing-item one-third\"><a class=\"title\" href=\"https:\/\/treasurehymns.com\/es\/himnario-gracia-y-devocion\/himno-296-vida-eterna-lirica\/\">himno 296 Vida Eterna L\u00edrica<\/a><\/li><li class=\"listing-item one-third\"><a class=\"title\" href=\"https:\/\/treasurehymns.com\/es\/himnario-gracia-y-devocion\/himno-207-el-consolador-ha-venido-lirica\/\">himno 207 El Consolador Ha Venido L\u00edrica<\/a><\/li><li class=\"listing-item one-third first\"><a class=\"title\" href=\"https:\/\/treasurehymns.com\/es\/himnario-gracia-y-devocion\/himno-388-la-tumba-le-encerro-lirica\/\">himno 388 La Tumba Le Encerr\u00f3 L\u00edrica<\/a><\/li><li class=\"listing-item one-third\"><a class=\"title\" href=\"https:\/\/treasurehymns.com\/es\/himnario-adventista-nuevo\/himno-387-aparte-del-mundo-lirica\/\">himno 387  Aparte del mundo L\u00edrica<\/a><\/li><li class=\"listing-item one-third\"><a class=\"title\" href=\"https:\/\/treasurehymns.com\/es\/antiguo-himnario-adventista\/himno-523-oh-santo-dios-lirica\/\">himno 523 \u00a1Oh santo Dios! L\u00edrica<\/a><\/li><li class=\"listing-item one-third first\"><a class=\"title\" href=\"https:\/\/treasurehymns.com\/es\/himnario-gracia-y-devocion\/himno-404-el-gran-dia-viene-lirica\/\">himno 404 El Gran D\u00eda Viene L\u00edrica<\/a><\/li><li class=\"listing-item one-third\"><a class=\"title\" href=\"https:\/\/treasurehymns.com\/es\/iglesia-de-dios-ministerial-de-jesucristo-internacional\/himno-227-caminando-caminando-lirica\/\">Himno 227 CAMINANDO, CAMINANDO  L\u00edrica<\/a><\/li><li class=\"listing-item one-third\"><a class=\"title\" href=\"https:\/\/treasurehymns.com\/es\/himnario-adventista-nuevo\/himno-141-alabadle-lirica\/\">himno 141  \u00a1Alabadle! L\u00edrica<\/a><\/li><li class=\"listing-item one-third first\"><a class=\"title\" href=\"https:\/\/treasurehymns.com\/es\/himnario-gracia-y-devocion\/himno-299-es-el-tierno-jesucristo-lirica\/\">himno 299 Es El Tierno Jesucristo L\u00edrica<\/a><\/li><li class=\"listing-item one-third\"><a class=\"title\" href=\"https:\/\/treasurehymns.com\/es\/himnario-adventista-nuevo\/himno-293-quieres-ser-salvo-de-toda-maldad-lirica\/\">himno 293  \u00bfQuieres ser salvo de toda maldad? L\u00edrica<\/a><\/li><li class=\"listing-item one-third\"><a class=\"title\" href=\"https:\/\/treasurehymns.com\/es\/himnario-adventista-nuevo\/himno-57-mi-dios-me-ama-lirica\/\">himno 57  Mi Dios me ama L\u00edrica<\/a><\/li><li class=\"listing-item one-third first\"><a class=\"title\" href=\"https:\/\/treasurehymns.com\/es\/himnario-adventista-nuevo\/himno-594-senor-gracias-por-mi-hogar-lirica\/\">himno 594  Se\u00f1or, gracias por mi hogar L\u00edrica<\/a><\/li><li class=\"listing-item one-third\"><a class=\"title\" href=\"https:\/\/treasurehymns.com\/es\/antiguo-himnario-adventista\/himno-202-en-el-mundo-turbulento-lirica\/\">himno 202 En el mundo turbulento L\u00edrica<\/a><\/li><li class=\"listing-item one-third\"><a class=\"title\" href=\"https:\/\/treasurehymns.com\/es\/antiguo-himnario-adventista\/himno-155-cristo-eres-justo-rey-lirica\/\">himno 155 Cristo eres justo Rey L\u00edrica<\/a><\/li><li class=\"listing-item one-third first\"><a class=\"title\" href=\"https:\/\/treasurehymns.com\/es\/antiguo-himnario-adventista\/himno-368-ama-a-tus-projimos-lirica\/\">himno 368 Ama a tus pr\u00f3jimos L\u00edrica<\/a><\/li><li class=\"listing-item one-third\"><a class=\"title\" href=\"https:\/\/treasurehymns.com\/es\/antiguo-himnario-adventista\/himno-439-en-tu-nombre-comenzamos-lirica\/\">himno 439 En tu nombre comenzamos L\u00edrica<\/a><\/li><li class=\"listing-item one-third\"><a class=\"title\" href=\"https:\/\/treasurehymns.com\/es\/antiguo-himnario-adventista\/himno-300-ni-fama-mi-ciencia-lirica\/\">himno 300 Ni fama, mi ciencia L\u00edrica<\/a><\/li><li class=\"listing-item one-third first\"><a class=\"title\" href=\"https:\/\/treasurehymns.com\/es\/himnario-adventista-nuevo\/himno-54-tan-bueno-es-dios-lirica\/\">himno 54  Tan bueno es Dios L\u00edrica<\/a><\/li><li class=\"listing-item one-third\"><a class=\"title\" href=\"https:\/\/treasurehymns.com\/es\/himnario-adventista-nuevo\/himno-533-cuan-bueno-y-agradable-lirica\/\">himno 533  Cu\u00e1n bueno y agradable L\u00edrica<\/a><\/li><li class=\"listing-item one-third\"><a class=\"title\" href=\"https:\/\/treasurehymns.com\/es\/antiguo-himnario-adventista\/himno-120-fija-tus-ojos-en-cristo-lirica\/\">himno 120 Fija tus ojos en Cristo L\u00edrica<\/a><\/li><li class=\"listing-item one-third first\"><a class=\"title\" href=\"https:\/\/treasurehymns.com\/es\/antiguo-himnario-adventista\/himno-12-tu-nombre-es-dulce-buen-jesus-lirica\/\">himno 12 \u00bfTu nombre es dulce, buen Jes\u00fas! L\u00edrica<\/a><\/li><li class=\"listing-item one-third\"><a class=\"title\" href=\"https:\/\/treasurehymns.com\/es\/himnario-adventista-nuevo\/himno-459-hablame-mas-de-cristo-lirica\/\">himno 459  H\u00e1blame m\u00e1s de Cristo L\u00edrica<\/a><\/li><li class=\"listing-item one-third\"><a class=\"title\" href=\"https:\/\/treasurehymns.com\/es\/himnario-gracia-y-devocion\/himno-224-tiene-poder-jesus-desalvarnos-lirica\/\">himno 224 Tiene Poder Jes\u00fas Desalvarnos L\u00edrica<\/a><\/li><li class=\"listing-item one-third first\"><a class=\"title\" href=\"https:\/\/treasurehymns.com\/es\/himnario-gracia-y-devocion\/himno-385-loor-a-ti-senor-lirica\/\">himno 385 \u00a1 Loor A Ti, Se\u00f1or ! L\u00edrica<\/a><\/li><li class=\"listing-item one-third\"><a class=\"title\" href=\"https:\/\/treasurehymns.com\/es\/himnario-adventista-nuevo\/himno-602-es-el-amor-divino-lirica\/\">himno 602  Es el amor divino L\u00edrica<\/a><\/li><li class=\"listing-item one-third\"><a class=\"title\" href=\"https:\/\/treasurehymns.com\/es\/iglesia-de-dios-ministerial-de-jesucristo-internacional\/himno-133-en-jesus-mi-salvador-lirica\/\">Himno 133 EN JES\u00daS, MI SALVADOR  L\u00edrica<\/a><\/li><li class=\"listing-item one-third first\"><a class=\"title\" href=\"https:\/\/treasurehymns.com\/es\/antiguo-himnario-adventista\/himno-352-levantate-cristiano-lirica\/\">himno 352 Lev\u00e1ntate, cristiano L\u00edrica<\/a><\/li><li class=\"listing-item one-third\"><a class=\"title\" href=\"https:\/\/treasurehymns.com\/es\/himnario-gracia-y-devocion\/himno-400-escucha-pobre-pecador-lirica\/\">himno 400 Escucha, Pobre Pecador L\u00edrica<\/a><\/li><\/ul>\n\n\n<div class=\"popular-posts\"><h2>Himnos populares<\/h2><script type=\"application\/json\" data-id=\"wpp-block-inline-js\">{\"title\":\"Himnos populares\",\"limit\":\"48\",\"offset\":0,\"range\":\"last30days\",\"time_quantity\":\"24\",\"time_unit\":\"hour\",\"freshness\":false,\"order_by\":\"views\",\"post_type\":\"post\",\"pid\":\"\",\"exclude\":\"\",\"taxonomy\":\"category\",\"term_id\":\"\",\"author\":\"\",\"shorten_title\":{\"active\":false,\"length\":0,\"words\":false},\"post-excerpt\":{\"active\":false,\"length\":0,\"keep_format\":false,\"words\":false},\"thumbnail\":{\"active\":false,\"width\":0,\"height\":0,\"build\":\"manual\",\"size\":\"\"},\"rating\":false,\"stats_tag\":{\"comment_count\":false,\"views\":false,\"author\":false,\"date\":{\"active\":false,\"format\":\"F j, Y\"},\"taxonomy\":{\"active\":true,\"name\":\"category\"}},\"markup\":{\"custom_html\":true,\"wpp-start\":\"<ul class=\\\"wpp-list wpp-tiny\\\">\",\"wpp-end\":\"<\\\/ul>\",\"title-start\":\"<h2>\",\"title-end\":\"<\\\/h2>\",\"post-html\":\"<li class=\\\"{current_class}\\\"><div class=\\\"wpp-item-data\\\">{category}<\\\/div> {title}<\\\/li>\"},\"theme\":{\"name\":\"tiny\"}}<\/script><div class=\"wpp-widget-block-placeholder\"><\/div><\/div>","protected":false},"excerpt":{"rendered":"<p>Vea nuestras colecciones de himnos cristianos a continuaci\u00f3n Antiguo himnario adventista Lista de himnos Himnario Adventista Nuevo Lista de himnos Himnario Gracia y Devoci\u00f3n Lista de himnos Iglesia de Dios Ministerial de Jesucristo Internacional Himnos Himnos que te pueden gustar<\/p>\n","protected":false},"author":1,"featured_media":0,"parent":0,"menu_order":0,"comment_status":"closed","ping_status":"closed","template":"","meta":{"footnotes":""},"class_list":["post-1860","page","type-page","status-publish","hentry"],"amp_enabled":false,"_links":{"self":[{"href":"https:\/\/treasurehymns.com\/es\/wp-json\/wp\/v2\/pages\/1860","targetHints":{"allow":["GET"]}}],"collection":[{"href":"https:\/\/treasurehymns.com\/es\/wp-json\/wp\/v2\/pages"}],"about":[{"href":"https:\/\/treasurehymns.com\/es\/wp-json\/wp\/v2\/types\/page"}],"author":[{"embeddable":true,"href":"https:\/\/treasurehymns.com\/es\/wp-json\/wp\/v2\/users\/1"}],"replies":[{"embeddable":true,"href":"https:\/\/treasurehymns.com\/es\/wp-json\/wp\/v2\/comments?post=1860"}],"version-history":[{"count":2,"href":"https:\/\/treasurehymns.com\/es\/wp-json\/wp\/v2\/pages\/1860\/revisions"}],"predecessor-version":[{"id":2462,"href":"https:\/\/treasurehymns.com\/es\/wp-json\/wp\/v2\/pages\/1860\/revisions\/2462"}],"wp:attachment":[{"href":"https:\/\/treasurehymns.com\/es\/wp-json\/wp\/v2\/media?parent=1860"}],"curies":[{"name":"wp","href":"https:\/\/api.w.org\/{rel}","templated":true}]}}